{"id":97,"date":"2022-12-27T22:41:08","date_gmt":"2022-12-27T21:41:08","guid":{"rendered":"https:\/\/villaninonbisca.fr\/?page_id=97"},"modified":"2022-12-28T18:51:30","modified_gmt":"2022-12-28T17:51:30","slug":"galerie-photo","status":"publish","type":"page","link":"https:\/\/villaninonbisca.fr\/index.php\/galerie-photo\/","title":{"rendered":"Galerie Photo"},"content":{"rendered":"\t\t<div data-elementor-type=\"wp-page\" data-elementor-id=\"97\" class=\"elementor elementor-97\">\n\t\t\t\t\t\t<section class=\"elementor-section elementor-top-section elementor-element elementor-element-f6cea78 elementor-section-boxed elementor-section-height-default elementor-section-height-default\" data-id=\"f6cea78\" data-element_type=\"section\" data-e-type=\"section\">\n\t\t\t\t\t\t<div class=\"elementor-container elementor-column-gap-default\">\n\t\t\t\t\t<div class=\"elementor-column elementor-col-100 elementor-top-column elementor-element elementor-element-118fdc5\" data-id=\"118fdc5\" data-element_type=\"column\" data-e-type=\"column\">\n\t\t\t<div class=\"elementor-widget-wrap elementor-element-populated\">\n\t\t\t\t\t\t<div class=\"elementor-element elementor-element-bef4880 elementor-widget elementor-widget-wp-widget-metaslider_widget\" data-id=\"bef4880\" data-element_type=\"widget\" data-e-type=\"widget\" data-widget_type=\"wp-widget-metaslider_widget.default\">\n\t\t\t\t<div class=\"elementor-widget-container\">\n\t\t\t\t\t<div id=\"metaslider-id-89\" style=\"width: 100%;\" class=\"ml-slider-3-108-0 metaslider metaslider-flex metaslider-89 ml-slider has-dots-nav ml-slider-lightbox-2-23-0 lightbox-disabled ms-theme-outline\" role=\"region\" aria-label=\"Slideshow fr\" data-height=\"1024\" data-width=\"1200\">\n    <div id=\"metaslider_container_89\">\n        <div id=\"metaslider_89\">\n            <ul class='slides'>\n                <li style=\"display: block; width: 100%;\" class=\"slide-90 ms-image \" aria-roledescription=\"slide\" data-date=\"2022-12-27 22:36:21\" data-filename=\"Terrasse-scaled-1200x1024.jpg\" data-slide-type=\"image\"><img fetchpriority=\"high\" decoding=\"async\" src=\"https:\/\/villaninonbisca.fr\/wp-content\/uploads\/2022\/12\/Terrasse-scaled-1200x1024.jpg\" height=\"1024\" width=\"1200\" alt=\"\" class=\"slider-89 slide-90 msDefaultImage\" title=\"Terrasse\" \/><\/li>\n                <li style=\"display: none; width: 100%;\" class=\"slide-431 ms-image \" aria-roledescription=\"slide\" data-date=\"2024-05-02 23:43:39\" data-filename=\"SalonTerrasse-scaled-1200x1024.jpg\" data-slide-type=\"image\"><img decoding=\"async\" src=\"https:\/\/villaninonbisca.fr\/wp-content\/uploads\/2024\/05\/SalonTerrasse-scaled-1200x1024.jpg\" height=\"1024\" width=\"1200\" alt=\"\" class=\"slider-89 slide-431 msDefaultImage\" title=\"Salon et Terrasse\" \/><\/li>\n                <li style=\"display: none; width: 100%;\" class=\"slide-91 ms-image \" aria-roledescription=\"slide\" data-date=\"2022-12-27 22:36:36\" data-filename=\"IMG_2886-scaled-1200x1024.jpeg\" data-slide-type=\"image\"><img decoding=\"async\" src=\"https:\/\/villaninonbisca.fr\/wp-content\/uploads\/2024\/05\/IMG_2886-scaled-1200x1024.jpeg\" height=\"1024\" width=\"1200\" alt=\"\" class=\"slider-89 slide-91 msDefaultImage\" title=\"Salon\" \/><\/li>\n                <li style=\"display: none; width: 100%;\" class=\"slide-460 ms-image \" aria-roledescription=\"slide\" data-date=\"2024-05-10 15:28:08\" data-filename=\"Cuisine-scaled-1200x1024.jpg\" data-slide-type=\"image\"><img loading=\"lazy\" decoding=\"async\" src=\"https:\/\/villaninonbisca.fr\/wp-content\/uploads\/2024\/05\/Cuisine-scaled-1200x1024.jpg\" height=\"1024\" width=\"1200\" alt=\"\" class=\"slider-89 slide-460 msDefaultImage\" title=\"Cuisine\" \/><\/li>\n                <li style=\"display: none; width: 100%;\" class=\"slide-459 ms-image \" aria-roledescription=\"slide\" data-date=\"2024-05-10 15:26:36\" data-filename=\"IMG_2883-scaled-1200x1024.jpeg\" data-slide-type=\"image\"><img loading=\"lazy\" decoding=\"async\" src=\"https:\/\/villaninonbisca.fr\/wp-content\/uploads\/2024\/05\/IMG_2883-scaled-1200x1024.jpeg\" height=\"1024\" width=\"1200\" alt=\"\" class=\"slider-89 slide-459 msDefaultImage\" title=\"Cuisine\" \/><\/li>\n                <li style=\"display: none; width: 100%;\" class=\"slide-92 ms-image \" aria-roledescription=\"slide\" data-date=\"2022-12-27 22:36:51\" data-filename=\"IMG_2878-scaled-1200x1024.jpeg\" data-slide-type=\"image\"><img loading=\"lazy\" decoding=\"async\" src=\"https:\/\/villaninonbisca.fr\/wp-content\/uploads\/2024\/05\/IMG_2878-scaled-1200x1024.jpeg\" height=\"1024\" width=\"1200\" alt=\"\" class=\"slider-89 slide-92 msDefaultImage\" title=\"Cuisine\" \/><\/li>\n                <li style=\"display: none; width: 100%;\" class=\"slide-93 ms-image \" aria-roledescription=\"slide\" data-date=\"2022-12-27 22:37:10\" data-filename=\"Chambre1-scaled-1200x1024.jpg\" data-slide-type=\"image\"><img loading=\"lazy\" decoding=\"async\" src=\"https:\/\/villaninonbisca.fr\/wp-content\/uploads\/2022\/12\/Chambre1-scaled-1200x1024.jpg\" height=\"1024\" width=\"1200\" alt=\"\" class=\"slider-89 slide-93 msDefaultImage\" title=\"Chambre 1\" \/><\/li>\n                <li style=\"display: none; width: 100%;\" class=\"slide-94 ms-image \" aria-roledescription=\"slide\" data-date=\"2022-12-27 22:37:21\" data-filename=\"Chambre2-scaled-1200x1024.jpg\" data-slide-type=\"image\"><img loading=\"lazy\" decoding=\"async\" src=\"https:\/\/villaninonbisca.fr\/wp-content\/uploads\/2022\/12\/Chambre2-scaled-1200x1024.jpg\" height=\"1024\" width=\"1200\" alt=\"\" class=\"slider-89 slide-94 msDefaultImage\" title=\"Chambre 2\" \/><\/li>\n                <li style=\"display: none; width: 100%;\" class=\"slide-95 ms-image \" aria-roledescription=\"slide\" data-date=\"2022-12-27 22:37:30\" data-filename=\"Chambre3-scaled-1200x1024.jpg\" data-slide-type=\"image\"><img loading=\"lazy\" decoding=\"async\" src=\"https:\/\/villaninonbisca.fr\/wp-content\/uploads\/2024\/05\/Chambre3-scaled-1200x1024.jpg\" height=\"1024\" width=\"1200\" alt=\"\" class=\"slider-89 slide-95 msDefaultImage\" title=\"Chambre 3\" \/><\/li>\n                <li style=\"display: none; width: 100%;\" class=\"slide-96 ms-image \" aria-roledescription=\"slide\" data-date=\"2022-12-27 22:37:46\" data-filename=\"IMG_2881-scaled-1200x1024.jpeg\" data-slide-type=\"image\"><img loading=\"lazy\" decoding=\"async\" src=\"https:\/\/villaninonbisca.fr\/wp-content\/uploads\/2024\/05\/IMG_2881-scaled-1200x1024.jpeg\" height=\"1024\" width=\"1200\" alt=\"\" class=\"slider-89 slide-96 msDefaultImage\" title=\"Salle d\u2019eau\" \/><\/li>\n                <li style=\"display: none; width: 100%;\" class=\"slide-282 ms-image \" aria-roledescription=\"slide\" data-date=\"2023-01-08 15:10:30\" data-filename=\"Foret-1-scaled-1200x1024.jpg\" data-slide-type=\"image\"><img loading=\"lazy\" decoding=\"async\" src=\"https:\/\/villaninonbisca.fr\/wp-content\/uploads\/2023\/01\/Foret-1-scaled-1200x1024.jpg\" height=\"1024\" width=\"1200\" alt=\"\" class=\"slider-89 slide-282 msDefaultImage\" title=\"For\u00eat\" \/><\/li>\n                <li style=\"display: none; width: 100%;\" class=\"slide-280 ms-image \" aria-roledescription=\"slide\" data-date=\"2023-01-08 15:10:30\" data-filename=\"Lac-scaled-1200x1024.jpg\" data-slide-type=\"image\"><img loading=\"lazy\" decoding=\"async\" src=\"https:\/\/villaninonbisca.fr\/wp-content\/uploads\/2023\/01\/Lac-scaled-1200x1024.jpg\" height=\"1024\" width=\"1200\" alt=\"\" class=\"slider-89 slide-280 msDefaultImage\" title=\"Lac\" \/><\/li>\n                <li style=\"display: none; width: 100%;\" class=\"slide-279 ms-image \" aria-roledescription=\"slide\" data-date=\"2023-01-08 15:10:30\" data-filename=\"Ocean-scaled-1200x1024.jpg\" data-slide-type=\"image\"><img loading=\"lazy\" decoding=\"async\" src=\"https:\/\/villaninonbisca.fr\/wp-content\/uploads\/2023\/01\/Ocean-scaled-1200x1024.jpg\" height=\"1024\" width=\"1200\" alt=\"\" class=\"slider-89 slide-279 msDefaultImage\" title=\"Oc\u00e9an\" \/><\/li>\n                <li style=\"display: none; width: 100%;\" class=\"slide-278 ms-image \" aria-roledescription=\"slide\" data-date=\"2023-01-08 15:10:30\" data-filename=\"PlageOcean-scaled-1200x1024.jpg\" data-slide-type=\"image\"><img loading=\"lazy\" decoding=\"async\" src=\"https:\/\/villaninonbisca.fr\/wp-content\/uploads\/2023\/01\/PlageOcean-scaled-1200x1024.jpg\" height=\"1024\" width=\"1200\" alt=\"\" class=\"slider-89 slide-278 msDefaultImage\" title=\"Plage \u00e0 l&#039;oc\u00e9an\" \/><\/li>\n                <li style=\"display: none; width: 100%;\" class=\"slide-277 ms-image \" aria-roledescription=\"slide\" data-date=\"2023-01-08 15:10:30\" data-filename=\"SoleilCouchantPlage-scaled-1200x1024.jpg\" data-slide-type=\"image\"><img loading=\"lazy\" decoding=\"async\" src=\"https:\/\/villaninonbisca.fr\/wp-content\/uploads\/2023\/01\/SoleilCouchantPlage-scaled-1200x1024.jpg\" height=\"1024\" width=\"1200\" alt=\"\" class=\"slider-89 slide-277 msDefaultImage\" title=\"Soleil couchant sur l&#039;oc\u00e9an\" \/><\/li>\n                <li style=\"display: none; width: 100%;\" class=\"slide-281 ms-image \" aria-roledescription=\"slide\" data-date=\"2023-01-08 15:10:30\" data-filename=\"GrandeRouePlage-scaled-1200x1024.jpg\" data-slide-type=\"image\"><img loading=\"lazy\" decoding=\"async\" src=\"https:\/\/villaninonbisca.fr\/wp-content\/uploads\/2023\/01\/GrandeRouePlage-scaled-1200x1024.jpg\" height=\"1024\" width=\"1200\" alt=\"\" class=\"slider-89 slide-281 msDefaultImage\" title=\"Grande roue \u00e0 Biscarrosse Plage\" \/><\/li>\n            <\/ul>\n        <\/div>\n        \n    <\/div>\n<\/div>\t\t\t\t<\/div>\n\t\t\t\t<\/div>\n\t\t\t\t\t<\/div>\n\t\t<\/div>\n\t\t\t\t\t<\/div>\n\t\t<\/section>\n\t\t\t\t<\/div>\n\t\t","protected":false},"excerpt":{"rendered":"","protected":false},"author":1,"featured_media":0,"parent":0,"menu_order":0,"comment_status":"closed","ping_status":"closed","template":"","meta":{"_glsr_average":0,"_glsr_ranking":0,"_glsr_reviews":0,"footnotes":""},"class_list":["post-97","page","type-page","status-publish","hentry"],"yoast_head":"<!-- This site is optimized with the Yoast SEO plugin v27.5 - https:\/\/yoast.com\/product\/yoast-seo-wordpress\/ -->\n<title>Galerie Photo - Villa Ninon Bisca<\/title>\n<meta name=\"description\" content=\"La Villa Ninon Bisca: Photos de la location id\u00e9ale \u00e0 Biscarrosse dans les Landes entre lacs, oc\u00e9an et for\u00eats de pins\" \/>\n<meta name=\"robots\" content=\"index, follow, max-snippet:-1, max-image-preview:large, max-video-preview:-1\" \/>\n<link rel=\"canonical\" href=\"https:\/\/villaninonbisca.fr\/index.php\/galerie-photo\/\" \/>\n<meta property=\"og:locale\" content=\"fr_FR\" \/>\n<meta property=\"og:type\" content=\"article\" \/>\n<meta property=\"og:title\" content=\"Galerie Photo - Villa Ninon Bisca\" \/>\n<meta property=\"og:description\" content=\"La Villa Ninon Bisca: Photos de la location id\u00e9ale \u00e0 Biscarrosse dans les Landes entre lacs, oc\u00e9an et for\u00eats de pins\" \/>\n<meta property=\"og:url\" content=\"https:\/\/villaninonbisca.fr\/index.php\/galerie-photo\/\" \/>\n<meta property=\"og:site_name\" content=\"Villa Ninon Bisca\" \/>\n<meta property=\"article:modified_time\" content=\"2022-12-28T17:51:30+00:00\" \/>\n<meta name=\"twitter:card\" content=\"summary_large_image\" \/>\n<script type=\"application\/ld+json\" class=\"yoast-schema-graph\">{\"@context\":\"https:\\\/\\\/schema.org\",\"@graph\":[{\"@type\":\"WebPage\",\"@id\":\"https:\\\/\\\/villaninonbisca.fr\\\/index.php\\\/galerie-photo\\\/\",\"url\":\"https:\\\/\\\/villaninonbisca.fr\\\/index.php\\\/galerie-photo\\\/\",\"name\":\"Galerie Photo - Villa Ninon Bisca\",\"isPartOf\":{\"@id\":\"https:\\\/\\\/villaninonbisca.fr\\\/#website\"},\"datePublished\":\"2022-12-27T21:41:08+00:00\",\"dateModified\":\"2022-12-28T17:51:30+00:00\",\"description\":\"La Villa Ninon Bisca: Photos de la location id\u00e9ale \u00e0 Biscarrosse dans les Landes entre lacs, oc\u00e9an et for\u00eats de pins\",\"breadcrumb\":{\"@id\":\"https:\\\/\\\/villaninonbisca.fr\\\/index.php\\\/galerie-photo\\\/#breadcrumb\"},\"inLanguage\":\"fr-FR\",\"potentialAction\":[{\"@type\":\"ReadAction\",\"target\":[\"https:\\\/\\\/villaninonbisca.fr\\\/index.php\\\/galerie-photo\\\/\"]}]},{\"@type\":\"BreadcrumbList\",\"@id\":\"https:\\\/\\\/villaninonbisca.fr\\\/index.php\\\/galerie-photo\\\/#breadcrumb\",\"itemListElement\":[{\"@type\":\"ListItem\",\"position\":1,\"name\":\"Accueil\",\"item\":\"https:\\\/\\\/villaninonbisca.fr\\\/\"},{\"@type\":\"ListItem\",\"position\":2,\"name\":\"Galerie Photo\"}]},{\"@type\":\"WebSite\",\"@id\":\"https:\\\/\\\/villaninonbisca.fr\\\/#website\",\"url\":\"https:\\\/\\\/villaninonbisca.fr\\\/\",\"name\":\"Villa Ninon Bisca\",\"description\":\"Votre location de vacances \u00e0 Biscarrosse\",\"publisher\":{\"@id\":\"https:\\\/\\\/villaninonbisca.fr\\\/#organization\"},\"potentialAction\":[{\"@type\":\"SearchAction\",\"target\":{\"@type\":\"EntryPoint\",\"urlTemplate\":\"https:\\\/\\\/villaninonbisca.fr\\\/?s={search_term_string}\"},\"query-input\":{\"@type\":\"PropertyValueSpecification\",\"valueRequired\":true,\"valueName\":\"search_term_string\"}}],\"inLanguage\":\"fr-FR\"},{\"@type\":\"Organization\",\"@id\":\"https:\\\/\\\/villaninonbisca.fr\\\/#organization\",\"name\":\"Villa Ninon Bisca\",\"url\":\"https:\\\/\\\/villaninonbisca.fr\\\/\",\"logo\":{\"@type\":\"ImageObject\",\"inLanguage\":\"fr-FR\",\"@id\":\"https:\\\/\\\/villaninonbisca.fr\\\/#\\\/schema\\\/logo\\\/image\\\/\",\"url\":\"https:\\\/\\\/villaninonbisca.fr\\\/wp-content\\\/uploads\\\/2022\\\/12\\\/Logo.png\",\"contentUrl\":\"https:\\\/\\\/villaninonbisca.fr\\\/wp-content\\\/uploads\\\/2022\\\/12\\\/Logo.png\",\"width\":400,\"height\":400,\"caption\":\"Villa Ninon Bisca\"},\"image\":{\"@id\":\"https:\\\/\\\/villaninonbisca.fr\\\/#\\\/schema\\\/logo\\\/image\\\/\"}}]}<\/script>\n<!-- \/ Yoast SEO plugin. -->","yoast_head_json":{"title":"Galerie Photo - Villa Ninon Bisca","description":"La Villa Ninon Bisca: Photos de la location id\u00e9ale \u00e0 Biscarrosse dans les Landes entre lacs, oc\u00e9an et for\u00eats de pins","robots":{"index":"index","follow":"follow","max-snippet":"max-snippet:-1","max-image-preview":"max-image-preview:large","max-video-preview":"max-video-preview:-1"},"canonical":"https:\/\/villaninonbisca.fr\/index.php\/galerie-photo\/","og_locale":"fr_FR","og_type":"article","og_title":"Galerie Photo - Villa Ninon Bisca","og_description":"La Villa Ninon Bisca: Photos de la location id\u00e9ale \u00e0 Biscarrosse dans les Landes entre lacs, oc\u00e9an et for\u00eats de pins","og_url":"https:\/\/villaninonbisca.fr\/index.php\/galerie-photo\/","og_site_name":"Villa Ninon Bisca","article_modified_time":"2022-12-28T17:51:30+00:00","twitter_card":"summary_large_image","schema":{"@context":"https:\/\/schema.org","@graph":[{"@type":"WebPage","@id":"https:\/\/villaninonbisca.fr\/index.php\/galerie-photo\/","url":"https:\/\/villaninonbisca.fr\/index.php\/galerie-photo\/","name":"Galerie Photo - Villa Ninon Bisca","isPartOf":{"@id":"https:\/\/villaninonbisca.fr\/#website"},"datePublished":"2022-12-27T21:41:08+00:00","dateModified":"2022-12-28T17:51:30+00:00","description":"La Villa Ninon Bisca: Photos de la location id\u00e9ale \u00e0 Biscarrosse dans les Landes entre lacs, oc\u00e9an et for\u00eats de pins","breadcrumb":{"@id":"https:\/\/villaninonbisca.fr\/index.php\/galerie-photo\/#breadcrumb"},"inLanguage":"fr-FR","potentialAction":[{"@type":"ReadAction","target":["https:\/\/villaninonbisca.fr\/index.php\/galerie-photo\/"]}]},{"@type":"BreadcrumbList","@id":"https:\/\/villaninonbisca.fr\/index.php\/galerie-photo\/#breadcrumb","itemListElement":[{"@type":"ListItem","position":1,"name":"Accueil","item":"https:\/\/villaninonbisca.fr\/"},{"@type":"ListItem","position":2,"name":"Galerie Photo"}]},{"@type":"WebSite","@id":"https:\/\/villaninonbisca.fr\/#website","url":"https:\/\/villaninonbisca.fr\/","name":"Villa Ninon Bisca","description":"Votre location de vacances \u00e0 Biscarrosse","publisher":{"@id":"https:\/\/villaninonbisca.fr\/#organization"},"potentialAction":[{"@type":"SearchAction","target":{"@type":"EntryPoint","urlTemplate":"https:\/\/villaninonbisca.fr\/?s={search_term_string}"},"query-input":{"@type":"PropertyValueSpecification","valueRequired":true,"valueName":"search_term_string"}}],"inLanguage":"fr-FR"},{"@type":"Organization","@id":"https:\/\/villaninonbisca.fr\/#organization","name":"Villa Ninon Bisca","url":"https:\/\/villaninonbisca.fr\/","logo":{"@type":"ImageObject","inLanguage":"fr-FR","@id":"https:\/\/villaninonbisca.fr\/#\/schema\/logo\/image\/","url":"https:\/\/villaninonbisca.fr\/wp-content\/uploads\/2022\/12\/Logo.png","contentUrl":"https:\/\/villaninonbisca.fr\/wp-content\/uploads\/2022\/12\/Logo.png","width":400,"height":400,"caption":"Villa Ninon Bisca"},"image":{"@id":"https:\/\/villaninonbisca.fr\/#\/schema\/logo\/image\/"}}]}},"_links":{"self":[{"href":"https:\/\/villaninonbisca.fr\/index.php\/wp-json\/wp\/v2\/pages\/97","targetHints":{"allow":["GET"]}}],"collection":[{"href":"https:\/\/villaninonbisca.fr\/index.php\/wp-json\/wp\/v2\/pages"}],"about":[{"href":"https:\/\/villaninonbisca.fr\/index.php\/wp-json\/wp\/v2\/types\/page"}],"author":[{"embeddable":true,"href":"https:\/\/villaninonbisca.fr\/index.php\/wp-json\/wp\/v2\/users\/1"}],"replies":[{"embeddable":true,"href":"https:\/\/villaninonbisca.fr\/index.php\/wp-json\/wp\/v2\/comments?post=97"}],"version-history":[{"count":7,"href":"https:\/\/villaninonbisca.fr\/index.php\/wp-json\/wp\/v2\/pages\/97\/revisions"}],"predecessor-version":[{"id":105,"href":"https:\/\/villaninonbisca.fr\/index.php\/wp-json\/wp\/v2\/pages\/97\/revisions\/105"}],"wp:attachment":[{"href":"https:\/\/villaninonbisca.fr\/index.php\/wp-json\/wp\/v2\/media?parent=97"}],"curies":[{"name":"wp","href":"https:\/\/api.w.org\/{rel}","templated":true}]}}