{"id":513,"date":"2025-05-29T21:52:57","date_gmt":"2025-05-29T19:52:57","guid":{"rendered":"https:\/\/villaninonbisca.fr\/index.php\/test\/"},"modified":"2025-07-14T22:23:20","modified_gmt":"2025-07-14T20:23:20","slug":"tarif","status":"publish","type":"page","link":"https:\/\/villaninonbisca.fr\/index.php\/tarif\/","title":{"rendered":"Tarif"},"content":{"rendered":"\t\t<div data-elementor-type=\"wp-page\" data-elementor-id=\"513\" class=\"elementor elementor-513\">\n\t\t\t\t\t\t<section class=\"elementor-section elementor-top-section elementor-element elementor-element-9d3610a elementor-section-boxed elementor-section-height-default elementor-section-height-default\" data-id=\"9d3610a\" data-element_type=\"section\" data-e-type=\"section\">\n\t\t\t\t\t\t<div class=\"elementor-container elementor-column-gap-default\">\n\t\t\t\t\t<div class=\"elementor-column elementor-col-100 elementor-top-column elementor-element elementor-element-4056443\" data-id=\"4056443\" data-element_type=\"column\" data-e-type=\"column\">\n\t\t\t<div class=\"elementor-widget-wrap\">\n\t\t\t\t\t\t\t<\/div>\n\t\t<\/div>\n\t\t\t\t\t<\/div>\n\t\t<\/section>\n\t\t\t\t<section class=\"elementor-section elementor-top-section elementor-element elementor-element-7aac742a elementor-section-boxed elementor-section-height-default elementor-section-height-default\" data-id=\"7aac742a\" data-element_type=\"section\" data-e-type=\"section\">\n\t\t\t\t\t\t<div class=\"elementor-container elementor-column-gap-default\">\n\t\t\t\t\t<div class=\"elementor-column elementor-col-50 elementor-top-column elementor-element elementor-element-fb84687\" data-id=\"fb84687\" data-element_type=\"column\" data-e-type=\"column\">\n\t\t\t<div class=\"elementor-widget-wrap elementor-element-populated\">\n\t\t\t\t\t\t<div class=\"elementor-element elementor-element-784e7c3 elementor-widget elementor-widget-text-editor\" data-id=\"784e7c3\" data-element_type=\"widget\" data-e-type=\"widget\" data-widget_type=\"text-editor.default\">\n\t\t\t\t<div class=\"elementor-widget-container\">\n\t\t\t\t\t\t\t\t\t<p>Les tarifs \u00e0 la semaine sont indiqu\u00e9s dans le calendrier ci-contre.<\/p>\n<p>Les tarifs :<br><\/p><p><ul><li>incluent les &#8220;lits faits&#8221;<\/li><li>n&#8217;incluent pas la taxe de s\u00e9jour (1,70\u20ac par adulte par nuit\u00e9e)<\/li><\/ul><\/p>\n<p><!-- \/wp:list --><!-- wp:paragraph --><\/p>\n<p>Location exclusivement \u00e0 la semaine<\/p>\n<p><\/p>\n<p>R\u00e9duction pour semaines cons\u00e9cutives et s\u00e9jour de plusieurs semaines:&nbsp;<a style=\"background-color: white;\" href=\"https:\/\/villaninonbisca.fr\/index.php\/nous-contacter\/\">Nous contacter<\/a><\/p>\t\t\t\t\t\t\t\t<\/div>\n\t\t\t\t<\/div>\n\t\t\t\t\t<\/div>\n\t\t<\/div>\n\t\t\t\t<div class=\"elementor-column elementor-col-50 elementor-top-column elementor-element elementor-element-dedd5bf\" data-id=\"dedd5bf\" data-element_type=\"column\" data-e-type=\"column\">\n\t\t\t<div class=\"elementor-widget-wrap elementor-element-populated\">\n\t\t\t\t\t\t<div class=\"elementor-element elementor-element-7ca2b84 elementor-widget elementor-widget-shortcode\" data-id=\"7ca2b84\" data-element_type=\"widget\" data-e-type=\"widget\" data-widget_type=\"shortcode.default\">\n\t\t\t\t<div class=\"elementor-widget-container\">\n\t\t\t\t\t\t\t<div class=\"elementor-shortcode\"><div class='calendar-container'><div class='calendar-nav'><a class='disabled-link'>\u2b05\ufe0f Prev<\/a> <select name='month_year' class='calendar-select' onchange='updateCalendar(this.value)'><\/select> <a href='?month=6&cyear=2026'>Next \u27a1\ufe0f<\/a><\/div><table class='calendar-table'><tr><th>Tariff<\/th><th>S<\/th><th>S<\/th><th>M<\/th><th>T<\/th><th>W<\/th><th>T<\/th><th>F<\/th><\/tr><tr><td class='tarif'><\/td><td class='unavail other-month-day' title=''>25<\/td><td class='unavail other-month-day' title=''>26<\/td><td class='unavail other-month-day' title=''>27<\/td><td class='unavail other-month-day' title=''>28<\/td><td class='unavail other-month-day' title=''>29<\/td><td class='unavail other-month-day' title=''>30<\/td><td class='unavail' title=''>1<\/td><\/tr><tr><td class='tarif'><\/td><td class='unavail' title=''>2<\/td><td class='unavail' title=''>3<\/td><td class='unavail' title=''>4<\/td><td class='unavail' title=''>5<\/td><td class='unavail' title=''>6<\/td><td class='unavail' title=''>7<\/td><td class='unavail' title=''>8<\/td><\/tr><tr><td class='tarif'><\/td><td class='unavail' title=''>9<\/td><td class='unavail' title=''>10<\/td><td class='unavail' title=''>11<\/td><td class='unavail' title=''>12<\/td><td class='unavail' title=''>13<\/td><td class='unavail' title=''>14<\/td><td class='unavail' title=''>15<\/td><\/tr><tr><td class='tarif'><\/td><td class='unavail' title=''>16<\/td><td class='unavail' title=''>17<\/td><td class='unavail' title=''>18<\/td><td class='unavail' title=''>19<\/td><td class='unavail' title=''>20<\/td><td class='unavail' title=''>21<\/td><td class='unavail' title=''>22<\/td><\/tr><tr><td class='tarif'><\/td><td class='unavail' title=''>23<\/td><td class='unavail' title=''>24<\/td><td class='unavail' title=''>25<\/td><td class='unavail' title=''>26<\/td><td class='unavail' title=''>27<\/td><td class='unavail' title=''>28<\/td><td class='unavail' title=''>29<\/td><\/tr><tr><td class='tarif'><\/td><td class='unavail' title=''>30<\/td><td class='unavail' title=''>31<\/td><td class='unavail other-month-day' title=''>1<\/td><td class='unavail other-month-day' title=''>2<\/td><td class='unavail other-month-day' title=''>3<\/td><td class='unavail other-month-day' title=''>4<\/td><td class='unavail other-month-day' title=''>5<\/td><\/tr><\/table><br><table class='legend-table'><tr><td class='unavail'>Unavailable<\/td><td class='avail'>Available<\/td><td class='booked'>Booked<\/td><\/tr><\/table><\/div><\/div>\n\t\t\t\t\t\t<\/div>\n\t\t\t\t<\/div>\n\t\t\t\t\t<\/div>\n\t\t<\/div>\n\t\t\t\t\t<\/div>\n\t\t<\/section>\n\t\t\t\t<\/div>\n\t\t","protected":false},"excerpt":{"rendered":"<p>Les tarifs \u00e0 la semaine sont indiqu\u00e9s dans le calendrier ci-contre. Les tarifs : incluent les &#8220;lits faits&#8221; n&#8217;incluent pas la taxe de s\u00e9jour (1,70\u20ac par adulte par nuit\u00e9e) Location exclusivement \u00e0 la semaine R\u00e9duction pour semaines cons\u00e9cutives et s\u00e9jour de plusieurs semaines:&nbsp;Nous contacter<\/p>\n","protected":false},"author":2,"featured_media":0,"parent":0,"menu_order":0,"comment_status":"closed","ping_status":"closed","template":"","meta":{"_glsr_average":0,"_glsr_ranking":0,"_glsr_reviews":0,"footnotes":""},"class_list":["post-513","page","type-page","status-publish","hentry"],"yoast_head":"<!-- This site is optimized with the Yoast SEO plugin v27.5 - https:\/\/yoast.com\/product\/yoast-seo-wordpress\/ -->\n<title>Tarif - Villa Ninon Bisca<\/title>\n<meta name=\"robots\" content=\"index, follow, max-snippet:-1, max-image-preview:large, max-video-preview:-1\" \/>\n<link rel=\"canonical\" href=\"https:\/\/villaninonbisca.fr\/index.php\/tarif\/\" \/>\n<meta property=\"og:locale\" content=\"fr_FR\" \/>\n<meta property=\"og:type\" content=\"article\" \/>\n<meta property=\"og:title\" content=\"Tarif - Villa Ninon Bisca\" \/>\n<meta property=\"og:description\" content=\"Les tarifs \u00e0 la semaine sont indiqu\u00e9s dans le calendrier ci-contre. Les tarifs : incluent les &#8220;lits faits&#8221; n&#8217;incluent pas la taxe de s\u00e9jour (1,70\u20ac par adulte par nuit\u00e9e) Location exclusivement \u00e0 la semaine R\u00e9duction pour semaines cons\u00e9cutives et s\u00e9jour de plusieurs semaines:&nbsp;Nous contacter\" \/>\n<meta property=\"og:url\" content=\"https:\/\/villaninonbisca.fr\/index.php\/tarif\/\" \/>\n<meta property=\"og:site_name\" content=\"Villa Ninon Bisca\" \/>\n<meta property=\"article:modified_time\" content=\"2025-07-14T20:23:20+00:00\" \/>\n<meta name=\"twitter:card\" content=\"summary_large_image\" \/>\n<meta name=\"twitter:label1\" content=\"Dur\u00e9e de lecture estim\u00e9e\" \/>\n\t<meta name=\"twitter:data1\" content=\"1 minute\" \/>\n<script type=\"application\/ld+json\" class=\"yoast-schema-graph\">{\"@context\":\"https:\\\/\\\/schema.org\",\"@graph\":[{\"@type\":\"WebPage\",\"@id\":\"https:\\\/\\\/villaninonbisca.fr\\\/index.php\\\/tarif\\\/\",\"url\":\"https:\\\/\\\/villaninonbisca.fr\\\/index.php\\\/tarif\\\/\",\"name\":\"Tarif - Villa Ninon Bisca\",\"isPartOf\":{\"@id\":\"https:\\\/\\\/villaninonbisca.fr\\\/#website\"},\"datePublished\":\"2025-05-29T19:52:57+00:00\",\"dateModified\":\"2025-07-14T20:23:20+00:00\",\"breadcrumb\":{\"@id\":\"https:\\\/\\\/villaninonbisca.fr\\\/index.php\\\/tarif\\\/#breadcrumb\"},\"inLanguage\":\"fr-FR\",\"potentialAction\":[{\"@type\":\"ReadAction\",\"target\":[\"https:\\\/\\\/villaninonbisca.fr\\\/index.php\\\/tarif\\\/\"]}]},{\"@type\":\"BreadcrumbList\",\"@id\":\"https:\\\/\\\/villaninonbisca.fr\\\/index.php\\\/tarif\\\/#breadcrumb\",\"itemListElement\":[{\"@type\":\"ListItem\",\"position\":1,\"name\":\"Accueil\",\"item\":\"https:\\\/\\\/villaninonbisca.fr\\\/\"},{\"@type\":\"ListItem\",\"position\":2,\"name\":\"Tarif\"}]},{\"@type\":\"WebSite\",\"@id\":\"https:\\\/\\\/villaninonbisca.fr\\\/#website\",\"url\":\"https:\\\/\\\/villaninonbisca.fr\\\/\",\"name\":\"Villa Ninon Bisca\",\"description\":\"Votre location de vacances \u00e0 Biscarrosse\",\"publisher\":{\"@id\":\"https:\\\/\\\/villaninonbisca.fr\\\/#organization\"},\"potentialAction\":[{\"@type\":\"SearchAction\",\"target\":{\"@type\":\"EntryPoint\",\"urlTemplate\":\"https:\\\/\\\/villaninonbisca.fr\\\/?s={search_term_string}\"},\"query-input\":{\"@type\":\"PropertyValueSpecification\",\"valueRequired\":true,\"valueName\":\"search_term_string\"}}],\"inLanguage\":\"fr-FR\"},{\"@type\":\"Organization\",\"@id\":\"https:\\\/\\\/villaninonbisca.fr\\\/#organization\",\"name\":\"Villa Ninon Bisca\",\"url\":\"https:\\\/\\\/villaninonbisca.fr\\\/\",\"logo\":{\"@type\":\"ImageObject\",\"inLanguage\":\"fr-FR\",\"@id\":\"https:\\\/\\\/villaninonbisca.fr\\\/#\\\/schema\\\/logo\\\/image\\\/\",\"url\":\"https:\\\/\\\/villaninonbisca.fr\\\/wp-content\\\/uploads\\\/2022\\\/12\\\/Logo.png\",\"contentUrl\":\"https:\\\/\\\/villaninonbisca.fr\\\/wp-content\\\/uploads\\\/2022\\\/12\\\/Logo.png\",\"width\":400,\"height\":400,\"caption\":\"Villa Ninon Bisca\"},\"image\":{\"@id\":\"https:\\\/\\\/villaninonbisca.fr\\\/#\\\/schema\\\/logo\\\/image\\\/\"}}]}<\/script>\n<!-- \/ Yoast SEO plugin. -->","yoast_head_json":{"title":"Tarif - Villa Ninon Bisca","robots":{"index":"index","follow":"follow","max-snippet":"max-snippet:-1","max-image-preview":"max-image-preview:large","max-video-preview":"max-video-preview:-1"},"canonical":"https:\/\/villaninonbisca.fr\/index.php\/tarif\/","og_locale":"fr_FR","og_type":"article","og_title":"Tarif - Villa Ninon Bisca","og_description":"Les tarifs \u00e0 la semaine sont indiqu\u00e9s dans le calendrier ci-contre. Les tarifs : incluent les &#8220;lits faits&#8221; n&#8217;incluent pas la taxe de s\u00e9jour (1,70\u20ac par adulte par nuit\u00e9e) Location exclusivement \u00e0 la semaine R\u00e9duction pour semaines cons\u00e9cutives et s\u00e9jour de plusieurs semaines:&nbsp;Nous contacter","og_url":"https:\/\/villaninonbisca.fr\/index.php\/tarif\/","og_site_name":"Villa Ninon Bisca","article_modified_time":"2025-07-14T20:23:20+00:00","twitter_card":"summary_large_image","twitter_misc":{"Dur\u00e9e de lecture estim\u00e9e":"1 minute"},"schema":{"@context":"https:\/\/schema.org","@graph":[{"@type":"WebPage","@id":"https:\/\/villaninonbisca.fr\/index.php\/tarif\/","url":"https:\/\/villaninonbisca.fr\/index.php\/tarif\/","name":"Tarif - Villa Ninon Bisca","isPartOf":{"@id":"https:\/\/villaninonbisca.fr\/#website"},"datePublished":"2025-05-29T19:52:57+00:00","dateModified":"2025-07-14T20:23:20+00:00","breadcrumb":{"@id":"https:\/\/villaninonbisca.fr\/index.php\/tarif\/#breadcrumb"},"inLanguage":"fr-FR","potentialAction":[{"@type":"ReadAction","target":["https:\/\/villaninonbisca.fr\/index.php\/tarif\/"]}]},{"@type":"BreadcrumbList","@id":"https:\/\/villaninonbisca.fr\/index.php\/tarif\/#breadcrumb","itemListElement":[{"@type":"ListItem","position":1,"name":"Accueil","item":"https:\/\/villaninonbisca.fr\/"},{"@type":"ListItem","position":2,"name":"Tarif"}]},{"@type":"WebSite","@id":"https:\/\/villaninonbisca.fr\/#website","url":"https:\/\/villaninonbisca.fr\/","name":"Villa Ninon Bisca","description":"Votre location de vacances \u00e0 Biscarrosse","publisher":{"@id":"https:\/\/villaninonbisca.fr\/#organization"},"potentialAction":[{"@type":"SearchAction","target":{"@type":"EntryPoint","urlTemplate":"https:\/\/villaninonbisca.fr\/?s={search_term_string}"},"query-input":{"@type":"PropertyValueSpecification","valueRequired":true,"valueName":"search_term_string"}}],"inLanguage":"fr-FR"},{"@type":"Organization","@id":"https:\/\/villaninonbisca.fr\/#organization","name":"Villa Ninon Bisca","url":"https:\/\/villaninonbisca.fr\/","logo":{"@type":"ImageObject","inLanguage":"fr-FR","@id":"https:\/\/villaninonbisca.fr\/#\/schema\/logo\/image\/","url":"https:\/\/villaninonbisca.fr\/wp-content\/uploads\/2022\/12\/Logo.png","contentUrl":"https:\/\/villaninonbisca.fr\/wp-content\/uploads\/2022\/12\/Logo.png","width":400,"height":400,"caption":"Villa Ninon Bisca"},"image":{"@id":"https:\/\/villaninonbisca.fr\/#\/schema\/logo\/image\/"}}]}},"_links":{"self":[{"href":"https:\/\/villaninonbisca.fr\/index.php\/wp-json\/wp\/v2\/pages\/513","targetHints":{"allow":["GET"]}}],"collection":[{"href":"https:\/\/villaninonbisca.fr\/index.php\/wp-json\/wp\/v2\/pages"}],"about":[{"href":"https:\/\/villaninonbisca.fr\/index.php\/wp-json\/wp\/v2\/types\/page"}],"author":[{"embeddable":true,"href":"https:\/\/villaninonbisca.fr\/index.php\/wp-json\/wp\/v2\/users\/2"}],"replies":[{"embeddable":true,"href":"https:\/\/villaninonbisca.fr\/index.php\/wp-json\/wp\/v2\/comments?post=513"}],"version-history":[{"count":37,"href":"https:\/\/villaninonbisca.fr\/index.php\/wp-json\/wp\/v2\/pages\/513\/revisions"}],"predecessor-version":[{"id":771,"href":"https:\/\/villaninonbisca.fr\/index.php\/wp-json\/wp\/v2\/pages\/513\/revisions\/771"}],"wp:attachment":[{"href":"https:\/\/villaninonbisca.fr\/index.php\/wp-json\/wp\/v2\/media?parent=513"}],"curies":[{"name":"wp","href":"https:\/\/api.w.org\/{rel}","templated":true}]}}