{"id":51,"date":"2022-12-27T21:28:05","date_gmt":"2022-12-27T20:28:05","guid":{"rendered":"https:\/\/villaninonbisca.fr\/?page_id=51"},"modified":"2024-04-28T20:05:34","modified_gmt":"2024-04-28T18:05:34","slug":"welcome","status":"publish","type":"page","link":"https:\/\/villaninonbisca.fr\/index.php\/en\/welcome\/","title":{"rendered":"Welcome"},"content":{"rendered":"\t\t<div data-elementor-type=\"wp-page\" data-elementor-id=\"51\" class=\"elementor elementor-51\">\n\t\t\t\t\t\t<section class=\"elementor-section elementor-top-section elementor-element elementor-element-408b370 elementor-section-boxed elementor-section-height-default elementor-section-height-default\" data-id=\"408b370\" data-element_type=\"section\" data-e-type=\"section\" data-settings=\"{&quot;background_background&quot;:&quot;classic&quot;}\">\n\t\t\t\t\t\t<div class=\"elementor-container elementor-column-gap-default\">\n\t\t\t\t\t<div class=\"elementor-column elementor-col-25 elementor-top-column elementor-element elementor-element-d3ea606\" data-id=\"d3ea606\" data-element_type=\"column\" data-e-type=\"column\">\n\t\t\t<div class=\"elementor-widget-wrap elementor-element-populated\">\n\t\t\t\t\t\t<div class=\"elementor-element elementor-element-e33bb51 elementor-widget elementor-widget-text-editor\" data-id=\"e33bb51\" data-element_type=\"widget\" data-e-type=\"widget\" data-widget_type=\"text-editor.default\">\n\t\t\t\t<div class=\"elementor-widget-container\">\n\t\t\t\t\t\t\t\t\t<p><img decoding=\"async\" class=\"alignnone size-full wp-image-81\" src=\"https:\/\/villaninonbisca.fr\/wp-content\/uploads\/2022\/12\/IconeEtoile.png\" alt=\"\" width=\"31\" height=\"29\" \/><img decoding=\"async\" class=\"alignnone size-full wp-image-81\" src=\"https:\/\/villaninonbisca.fr\/wp-content\/uploads\/2022\/12\/IconeEtoile.png\" alt=\"\" width=\"31\" height=\"29\" \/><img decoding=\"async\" class=\"alignnone size-full wp-image-81\" src=\"https:\/\/villaninonbisca.fr\/wp-content\/uploads\/2022\/12\/IconeEtoile.png\" alt=\"\" width=\"31\" height=\"29\" \/>\u00a0Ranking<\/p>\t\t\t\t\t\t\t\t<\/div>\n\t\t\t\t<\/div>\n\t\t\t\t\t<\/div>\n\t\t<\/div>\n\t\t\t\t<div class=\"elementor-column elementor-col-25 elementor-top-column elementor-element elementor-element-28dba71\" data-id=\"28dba71\" data-element_type=\"column\" data-e-type=\"column\">\n\t\t\t<div class=\"elementor-widget-wrap elementor-element-populated\">\n\t\t\t\t\t\t<div class=\"elementor-element elementor-element-fab238e elementor-widget elementor-widget-text-editor\" data-id=\"fab238e\" data-element_type=\"widget\" data-e-type=\"widget\" data-widget_type=\"text-editor.default\">\n\t\t\t\t<div class=\"elementor-widget-container\">\n\t\t\t\t\t\t\t\t\t<p><img decoding=\"async\" class=\"alignnone size-full wp-image-79\" src=\"https:\/\/villaninonbisca.fr\/wp-content\/uploads\/2022\/12\/IconeVilla.png\" alt=\"\" width=\"36\" height=\"33\" \/> Surface: 89m<sup>2<\/sup><\/p>\t\t\t\t\t\t\t\t<\/div>\n\t\t\t\t<\/div>\n\t\t\t\t\t<\/div>\n\t\t<\/div>\n\t\t\t\t<div class=\"elementor-column elementor-col-25 elementor-top-column elementor-element elementor-element-13b3040\" data-id=\"13b3040\" data-element_type=\"column\" data-e-type=\"column\">\n\t\t\t<div class=\"elementor-widget-wrap elementor-element-populated\">\n\t\t\t\t\t\t<div class=\"elementor-element elementor-element-f79759c elementor-widget elementor-widget-text-editor\" data-id=\"f79759c\" data-element_type=\"widget\" data-e-type=\"widget\" data-widget_type=\"text-editor.default\">\n\t\t\t\t<div class=\"elementor-widget-container\">\n\t\t\t\t\t\t\t\t\t<p><img decoding=\"async\" class=\"alignnone size-full wp-image-17\" src=\"https:\/\/villaninonbisca.fr\/wp-content\/uploads\/2022\/12\/IconePersonnes.png\" alt=\"\" width=\"36\" height=\"31\" \/>\u00a0People: 6<\/p>\t\t\t\t\t\t\t\t<\/div>\n\t\t\t\t<\/div>\n\t\t\t\t\t<\/div>\n\t\t<\/div>\n\t\t\t\t<div class=\"elementor-column elementor-col-25 elementor-top-column elementor-element elementor-element-a020689\" data-id=\"a020689\" data-element_type=\"column\" data-e-type=\"column\">\n\t\t\t<div class=\"elementor-widget-wrap elementor-element-populated\">\n\t\t\t\t\t\t<div class=\"elementor-element elementor-element-bb30f29 elementor-widget elementor-widget-text-editor\" data-id=\"bb30f29\" data-element_type=\"widget\" data-e-type=\"widget\" data-widget_type=\"text-editor.default\">\n\t\t\t\t<div class=\"elementor-widget-container\">\n\t\t\t\t\t\t\t\t\t<p><img loading=\"lazy\" decoding=\"async\" class=\"alignnone size-full wp-image-82\" src=\"https:\/\/villaninonbisca.fr\/wp-content\/uploads\/2022\/12\/IconeChambres.png\" alt=\"\" width=\"44\" height=\"31\" \/>\u00a0Bedrooms: 3<\/p>\t\t\t\t\t\t\t\t<\/div>\n\t\t\t\t<\/div>\n\t\t\t\t\t<\/div>\n\t\t<\/div>\n\t\t\t\t\t<\/div>\n\t\t<\/section>\n\t\t\t\t<section class=\"elementor-section elementor-top-section elementor-element elementor-element-666818f elementor-section-boxed elementor-section-height-default elementor-section-height-default\" data-id=\"666818f\" data-element_type=\"section\" data-e-type=\"section\">\n\t\t\t\t\t\t<div class=\"elementor-container elementor-column-gap-default\">\n\t\t\t\t\t<div class=\"elementor-column elementor-col-100 elementor-top-column elementor-element elementor-element-ba42e22\" data-id=\"ba42e22\" data-element_type=\"column\" data-e-type=\"column\">\n\t\t\t<div class=\"elementor-widget-wrap elementor-element-populated\">\n\t\t\t\t\t\t<div class=\"elementor-element elementor-element-c7ac017 elementor-widget elementor-widget-text-editor\" data-id=\"c7ac017\" data-element_type=\"widget\" data-e-type=\"widget\" data-widget_type=\"text-editor.default\">\n\t\t\t\t<div class=\"elementor-widget-container\">\n\t\t\t\t\t\t\t\t\t<h4>Come and relax in our villa Ninon at Biscarrosse.<\/h4>\t\t\t\t\t\t\t\t<\/div>\n\t\t\t\t<\/div>\n\t\t\t\t\t<\/div>\n\t\t<\/div>\n\t\t\t\t\t<\/div>\n\t\t<\/section>\n\t\t\t\t<section class=\"elementor-section elementor-top-section elementor-element elementor-element-6901dd3 elementor-section-boxed elementor-section-height-default elementor-section-height-default\" data-id=\"6901dd3\" data-element_type=\"section\" data-e-type=\"section\">\n\t\t\t\t\t\t<div class=\"elementor-container elementor-column-gap-default\">\n\t\t\t\t\t<div class=\"elementor-column elementor-col-100 elementor-top-column elementor-element elementor-element-4d2cfcb\" data-id=\"4d2cfcb\" data-element_type=\"column\" data-e-type=\"column\">\n\t\t\t<div class=\"elementor-widget-wrap elementor-element-populated\">\n\t\t\t\t\t\t<div class=\"elementor-element elementor-element-14f8d06 elementor-widget elementor-widget-text-editor\" data-id=\"14f8d06\" data-element_type=\"widget\" data-e-type=\"widget\" data-widget_type=\"text-editor.default\">\n\t\t\t\t<div class=\"elementor-widget-container\">\n\t\t\t\t\t\t\t\t\t<p>Located in the north of Landes department, you will enjoy forests, lakes and the ocean in peaceful surroundings.<\/p>\t\t\t\t\t\t\t\t<\/div>\n\t\t\t\t<\/div>\n\t\t\t\t\t<\/div>\n\t\t<\/div>\n\t\t\t\t\t<\/div>\n\t\t<\/section>\n\t\t\t\t<section class=\"elementor-section elementor-top-section elementor-element elementor-element-cb4db32 elementor-section-boxed elementor-section-height-default elementor-section-height-default\" data-id=\"cb4db32\" data-element_type=\"section\" data-e-type=\"section\">\n\t\t\t\t\t\t<div class=\"elementor-container elementor-column-gap-default\">\n\t\t\t\t\t<div class=\"elementor-column elementor-col-100 elementor-top-column elementor-element elementor-element-6b7a5b5\" data-id=\"6b7a5b5\" data-element_type=\"column\" data-e-type=\"column\">\n\t\t\t<div class=\"elementor-widget-wrap elementor-element-populated\">\n\t\t\t\t\t\t<div class=\"elementor-element elementor-element-ffdb4a4 elementor-widget elementor-widget-image\" data-id=\"ffdb4a4\" data-element_type=\"widget\" data-e-type=\"widget\" data-widget_type=\"image.default\">\n\t\t\t\t<div class=\"elementor-widget-container\">\n\t\t\t\t\t\t\t\t\t\t\t\t\t\t\t<img loading=\"lazy\" decoding=\"async\" width=\"1038\" height=\"576\" src=\"https:\/\/villaninonbisca.fr\/wp-content\/uploads\/2022\/12\/Exterieur-1038x576.jpg\" class=\"attachment-nisarg-full-width size-nisarg-full-width wp-image-88\" alt=\"\" \/>\t\t\t\t\t\t\t\t\t\t\t\t\t\t\t<\/div>\n\t\t\t\t<\/div>\n\t\t\t\t\t<\/div>\n\t\t<\/div>\n\t\t\t\t\t<\/div>\n\t\t<\/section>\n\t\t\t\t<section class=\"elementor-section elementor-top-section elementor-element elementor-element-7cdd2ca elementor-section-boxed elementor-section-height-default elementor-section-height-default\" data-id=\"7cdd2ca\" data-element_type=\"section\" data-e-type=\"section\">\n\t\t\t\t\t\t<div class=\"elementor-container elementor-column-gap-default\">\n\t\t\t\t\t<div class=\"elementor-column elementor-col-100 elementor-top-column elementor-element elementor-element-2adfe94\" data-id=\"2adfe94\" data-element_type=\"column\" data-e-type=\"column\">\n\t\t\t<div class=\"elementor-widget-wrap elementor-element-populated\">\n\t\t\t\t\t\t<div class=\"elementor-element elementor-element-c8f46b7 elementor-hidden-desktop elementor-hidden-tablet elementor-hidden-mobile elementor-widget elementor-widget-heading\" data-id=\"c8f46b7\" data-element_type=\"widget\" data-e-type=\"widget\" data-widget_type=\"heading.default\">\n\t\t\t\t<div class=\"elementor-widget-container\">\n\t\t\t\t\t<h2 class=\"elementor-heading-title elementor-size-default\">Your opinion<\/h2>\t\t\t\t<\/div>\n\t\t\t\t<\/div>\n\t\t\t\t\t<\/div>\n\t\t<\/div>\n\t\t\t\t\t<\/div>\n\t\t<\/section>\n\t\t\t\t<section class=\"elementor-section elementor-top-section elementor-element elementor-element-91bc6dd elementor-section-boxed elementor-section-height-default elementor-section-height-default\" data-id=\"91bc6dd\" data-element_type=\"section\" data-e-type=\"section\">\n\t\t\t\t\t\t<div class=\"elementor-container elementor-column-gap-default\">\n\t\t\t\t\t<div class=\"elementor-column elementor-col-100 elementor-top-column elementor-element elementor-element-08b199e elementor-hidden-desktop elementor-hidden-tablet elementor-hidden-mobile\" data-id=\"08b199e\" data-element_type=\"column\" data-e-type=\"column\">\n\t\t\t<div class=\"elementor-widget-wrap elementor-element-populated\">\n\t\t\t\t\t\t<div class=\"elementor-element elementor-element-baae7d3 has-text-align-left elementor-button-align-stretch elementor-widget elementor-widget-site_reviews\" data-id=\"baae7d3\" data-element_type=\"widget\" data-e-type=\"widget\" data-widget_type=\"site_reviews.default\">\n\t\t\t\t<div class=\"elementor-widget-container\">\n\t\t\t\t\t<?xml encoding=\"utf-8\"?><div class=\"glsr-elementor-baae7d3 elementor-site-reviews\"><div class=\"glsr glsr-default\" id=\"glsr_d7nhitfv\" data-from=\"elementor\" data-shortcode=\"site_reviews\" data-display=\"10\"><div class=\"glsr-reviews-wrap\">\n    <div class=\"glsr-reviews\">\n        <p class=\"glsr-no-margins\">Aucun avis n&rsquo;a &eacute;t&eacute; donn&eacute; pour le moment. Soyez le premier &agrave; en &eacute;crire un.<\/p>\n    <\/div>\n    \n<\/div><\/div><\/div>\n\t\t\t\t<\/div>\n\t\t\t\t<\/div>\n\t\t\t\t\t<\/div>\n\t\t<\/div>\n\t\t\t\t\t<\/div>\n\t\t<\/section>\n\t\t\t\t<\/div>\n\t\t","protected":false},"excerpt":{"rendered":"<p>\u00a0Ranking Surface: 89m2 \u00a0People: 6 \u00a0Bedrooms: 3 Come and relax in our villa Ninon at Biscarrosse. Located in the north of Landes department, you will enjoy forests, lakes and the ocean in peaceful surroundings. Your opinion Aucun avis n\u2019a \u00e9t\u00e9 donn\u00e9 pour le moment. Soyez le premier \u00e0 en \u00e9crire un.<\/p>\n","protected":false},"author":1,"featured_media":0,"parent":0,"menu_order":0,"comment_status":"closed","ping_status":"closed","template":"","meta":{"_glsr_average":0,"_glsr_ranking":0,"_glsr_reviews":0,"footnotes":""},"class_list":["post-51","page","type-page","status-publish","hentry"],"yoast_head":"<!-- This site is optimized with the Yoast SEO plugin v27.5 - https:\/\/yoast.com\/product\/yoast-seo-wordpress\/ -->\n<title>Welcome - Villa Ninon Bisca<\/title>\n<meta name=\"description\" content=\"Villa Ninon Bisca: your vacation rental at Biscarrosse in France south west Landes department, between lakes, sea and pines forests\" \/>\n<meta name=\"robots\" content=\"index, follow, max-snippet:-1, max-image-preview:large, max-video-preview:-1\" \/>\n<link rel=\"canonical\" href=\"https:\/\/villaninonbisca.fr\/index.php\/en\/welcome\/\" \/>\n<meta property=\"og:locale\" content=\"fr_FR\" \/>\n<meta property=\"og:type\" content=\"article\" \/>\n<meta property=\"og:title\" content=\"Welcome - Villa Ninon Bisca\" \/>\n<meta property=\"og:description\" content=\"Villa Ninon Bisca: your vacation rental at Biscarrosse in France south west Landes department, between lakes, sea and pines forests\" \/>\n<meta property=\"og:url\" content=\"https:\/\/villaninonbisca.fr\/index.php\/en\/welcome\/\" \/>\n<meta property=\"og:site_name\" content=\"Villa Ninon Bisca\" \/>\n<meta property=\"article:modified_time\" content=\"2024-04-28T18:05:34+00:00\" \/>\n<meta property=\"og:image\" content=\"https:\/\/villaninonbisca.fr\/wp-content\/uploads\/2022\/12\/IconeEtoile.png\" \/>\n<meta name=\"twitter:card\" content=\"summary_large_image\" \/>\n<meta name=\"twitter:label1\" content=\"Dur\u00e9e de lecture estim\u00e9e\" \/>\n\t<meta name=\"twitter:data1\" content=\"2 minutes\" \/>\n<script type=\"application\/ld+json\" class=\"yoast-schema-graph\">{\"@context\":\"https:\\\/\\\/schema.org\",\"@graph\":[{\"@type\":\"WebPage\",\"@id\":\"https:\\\/\\\/villaninonbisca.fr\\\/index.php\\\/en\\\/welcome\\\/\",\"url\":\"https:\\\/\\\/villaninonbisca.fr\\\/index.php\\\/en\\\/welcome\\\/\",\"name\":\"Welcome - Villa Ninon Bisca\",\"isPartOf\":{\"@id\":\"https:\\\/\\\/villaninonbisca.fr\\\/#website\"},\"primaryImageOfPage\":{\"@id\":\"https:\\\/\\\/villaninonbisca.fr\\\/index.php\\\/en\\\/welcome\\\/#primaryimage\"},\"image\":{\"@id\":\"https:\\\/\\\/villaninonbisca.fr\\\/index.php\\\/en\\\/welcome\\\/#primaryimage\"},\"thumbnailUrl\":\"https:\\\/\\\/villaninonbisca.fr\\\/wp-content\\\/uploads\\\/2022\\\/12\\\/IconeEtoile.png\",\"datePublished\":\"2022-12-27T20:28:05+00:00\",\"dateModified\":\"2024-04-28T18:05:34+00:00\",\"description\":\"Villa Ninon Bisca: your vacation rental at Biscarrosse in France south west Landes department, between lakes, sea and pines forests\",\"breadcrumb\":{\"@id\":\"https:\\\/\\\/villaninonbisca.fr\\\/index.php\\\/en\\\/welcome\\\/#breadcrumb\"},\"inLanguage\":\"fr-FR\",\"potentialAction\":[{\"@type\":\"ReadAction\",\"target\":[\"https:\\\/\\\/villaninonbisca.fr\\\/index.php\\\/en\\\/welcome\\\/\"]}]},{\"@type\":\"ImageObject\",\"inLanguage\":\"fr-FR\",\"@id\":\"https:\\\/\\\/villaninonbisca.fr\\\/index.php\\\/en\\\/welcome\\\/#primaryimage\",\"url\":\"https:\\\/\\\/villaninonbisca.fr\\\/wp-content\\\/uploads\\\/2022\\\/12\\\/IconeEtoile.png\",\"contentUrl\":\"https:\\\/\\\/villaninonbisca.fr\\\/wp-content\\\/uploads\\\/2022\\\/12\\\/IconeEtoile.png\",\"width\":31,\"height\":29},{\"@type\":\"BreadcrumbList\",\"@id\":\"https:\\\/\\\/villaninonbisca.fr\\\/index.php\\\/en\\\/welcome\\\/#breadcrumb\",\"itemListElement\":[{\"@type\":\"ListItem\",\"position\":1,\"name\":\"Accueil\",\"item\":\"https:\\\/\\\/villaninonbisca.fr\\\/\"},{\"@type\":\"ListItem\",\"position\":2,\"name\":\"Welcome\"}]},{\"@type\":\"WebSite\",\"@id\":\"https:\\\/\\\/villaninonbisca.fr\\\/#website\",\"url\":\"https:\\\/\\\/villaninonbisca.fr\\\/\",\"name\":\"Villa Ninon Bisca\",\"description\":\"Votre location de vacances \u00e0 Biscarrosse\",\"publisher\":{\"@id\":\"https:\\\/\\\/villaninonbisca.fr\\\/#organization\"},\"potentialAction\":[{\"@type\":\"SearchAction\",\"target\":{\"@type\":\"EntryPoint\",\"urlTemplate\":\"https:\\\/\\\/villaninonbisca.fr\\\/?s={search_term_string}\"},\"query-input\":{\"@type\":\"PropertyValueSpecification\",\"valueRequired\":true,\"valueName\":\"search_term_string\"}}],\"inLanguage\":\"fr-FR\"},{\"@type\":\"Organization\",\"@id\":\"https:\\\/\\\/villaninonbisca.fr\\\/#organization\",\"name\":\"Villa Ninon Bisca\",\"url\":\"https:\\\/\\\/villaninonbisca.fr\\\/\",\"logo\":{\"@type\":\"ImageObject\",\"inLanguage\":\"fr-FR\",\"@id\":\"https:\\\/\\\/villaninonbisca.fr\\\/#\\\/schema\\\/logo\\\/image\\\/\",\"url\":\"https:\\\/\\\/villaninonbisca.fr\\\/wp-content\\\/uploads\\\/2022\\\/12\\\/Logo.png\",\"contentUrl\":\"https:\\\/\\\/villaninonbisca.fr\\\/wp-content\\\/uploads\\\/2022\\\/12\\\/Logo.png\",\"width\":400,\"height\":400,\"caption\":\"Villa Ninon Bisca\"},\"image\":{\"@id\":\"https:\\\/\\\/villaninonbisca.fr\\\/#\\\/schema\\\/logo\\\/image\\\/\"}}]}<\/script>\n<!-- \/ Yoast SEO plugin. -->","yoast_head_json":{"title":"Welcome - Villa Ninon Bisca","description":"Villa Ninon Bisca: your vacation rental at Biscarrosse in France south west Landes department, between lakes, sea and pines forests","robots":{"index":"index","follow":"follow","max-snippet":"max-snippet:-1","max-image-preview":"max-image-preview:large","max-video-preview":"max-video-preview:-1"},"canonical":"https:\/\/villaninonbisca.fr\/index.php\/en\/welcome\/","og_locale":"fr_FR","og_type":"article","og_title":"Welcome - Villa Ninon Bisca","og_description":"Villa Ninon Bisca: your vacation rental at Biscarrosse in France south west Landes department, between lakes, sea and pines forests","og_url":"https:\/\/villaninonbisca.fr\/index.php\/en\/welcome\/","og_site_name":"Villa Ninon Bisca","article_modified_time":"2024-04-28T18:05:34+00:00","og_image":[{"url":"https:\/\/villaninonbisca.fr\/wp-content\/uploads\/2022\/12\/IconeEtoile.png","type":"","width":"","height":""}],"twitter_card":"summary_large_image","twitter_misc":{"Dur\u00e9e de lecture estim\u00e9e":"2 minutes"},"schema":{"@context":"https:\/\/schema.org","@graph":[{"@type":"WebPage","@id":"https:\/\/villaninonbisca.fr\/index.php\/en\/welcome\/","url":"https:\/\/villaninonbisca.fr\/index.php\/en\/welcome\/","name":"Welcome - Villa Ninon Bisca","isPartOf":{"@id":"https:\/\/villaninonbisca.fr\/#website"},"primaryImageOfPage":{"@id":"https:\/\/villaninonbisca.fr\/index.php\/en\/welcome\/#primaryimage"},"image":{"@id":"https:\/\/villaninonbisca.fr\/index.php\/en\/welcome\/#primaryimage"},"thumbnailUrl":"https:\/\/villaninonbisca.fr\/wp-content\/uploads\/2022\/12\/IconeEtoile.png","datePublished":"2022-12-27T20:28:05+00:00","dateModified":"2024-04-28T18:05:34+00:00","description":"Villa Ninon Bisca: your vacation rental at Biscarrosse in France south west Landes department, between lakes, sea and pines forests","breadcrumb":{"@id":"https:\/\/villaninonbisca.fr\/index.php\/en\/welcome\/#breadcrumb"},"inLanguage":"fr-FR","potentialAction":[{"@type":"ReadAction","target":["https:\/\/villaninonbisca.fr\/index.php\/en\/welcome\/"]}]},{"@type":"ImageObject","inLanguage":"fr-FR","@id":"https:\/\/villaninonbisca.fr\/index.php\/en\/welcome\/#primaryimage","url":"https:\/\/villaninonbisca.fr\/wp-content\/uploads\/2022\/12\/IconeEtoile.png","contentUrl":"https:\/\/villaninonbisca.fr\/wp-content\/uploads\/2022\/12\/IconeEtoile.png","width":31,"height":29},{"@type":"BreadcrumbList","@id":"https:\/\/villaninonbisca.fr\/index.php\/en\/welcome\/#breadcrumb","itemListElement":[{"@type":"ListItem","position":1,"name":"Accueil","item":"https:\/\/villaninonbisca.fr\/"},{"@type":"ListItem","position":2,"name":"Welcome"}]},{"@type":"WebSite","@id":"https:\/\/villaninonbisca.fr\/#website","url":"https:\/\/villaninonbisca.fr\/","name":"Villa Ninon Bisca","description":"Votre location de vacances \u00e0 Biscarrosse","publisher":{"@id":"https:\/\/villaninonbisca.fr\/#organization"},"potentialAction":[{"@type":"SearchAction","target":{"@type":"EntryPoint","urlTemplate":"https:\/\/villaninonbisca.fr\/?s={search_term_string}"},"query-input":{"@type":"PropertyValueSpecification","valueRequired":true,"valueName":"search_term_string"}}],"inLanguage":"fr-FR"},{"@type":"Organization","@id":"https:\/\/villaninonbisca.fr\/#organization","name":"Villa Ninon Bisca","url":"https:\/\/villaninonbisca.fr\/","logo":{"@type":"ImageObject","inLanguage":"fr-FR","@id":"https:\/\/villaninonbisca.fr\/#\/schema\/logo\/image\/","url":"https:\/\/villaninonbisca.fr\/wp-content\/uploads\/2022\/12\/Logo.png","contentUrl":"https:\/\/villaninonbisca.fr\/wp-content\/uploads\/2022\/12\/Logo.png","width":400,"height":400,"caption":"Villa Ninon Bisca"},"image":{"@id":"https:\/\/villaninonbisca.fr\/#\/schema\/logo\/image\/"}}]}},"_links":{"self":[{"href":"https:\/\/villaninonbisca.fr\/index.php\/wp-json\/wp\/v2\/pages\/51","targetHints":{"allow":["GET"]}}],"collection":[{"href":"https:\/\/villaninonbisca.fr\/index.php\/wp-json\/wp\/v2\/pages"}],"about":[{"href":"https:\/\/villaninonbisca.fr\/index.php\/wp-json\/wp\/v2\/types\/page"}],"author":[{"embeddable":true,"href":"https:\/\/villaninonbisca.fr\/index.php\/wp-json\/wp\/v2\/users\/1"}],"replies":[{"embeddable":true,"href":"https:\/\/villaninonbisca.fr\/index.php\/wp-json\/wp\/v2\/comments?post=51"}],"version-history":[{"count":35,"href":"https:\/\/villaninonbisca.fr\/index.php\/wp-json\/wp\/v2\/pages\/51\/revisions"}],"predecessor-version":[{"id":416,"href":"https:\/\/villaninonbisca.fr\/index.php\/wp-json\/wp\/v2\/pages\/51\/revisions\/416"}],"wp:attachment":[{"href":"https:\/\/villaninonbisca.fr\/index.php\/wp-json\/wp\/v2\/media?parent=51"}],"curies":[{"name":"wp","href":"https:\/\/api.w.org\/{rel}","templated":true}]}}