{"id":30,"date":"2022-12-27T21:08:59","date_gmt":"2022-12-27T20:08:59","guid":{"rendered":"https:\/\/villaninonbisca.fr\/?page_id=30"},"modified":"2024-04-28T20:03:46","modified_gmt":"2024-04-28T18:03:46","slug":"bienvenue","status":"publish","type":"page","link":"https:\/\/villaninonbisca.fr\/","title":{"rendered":"Bienvenue"},"content":{"rendered":"\t\t<div data-elementor-type=\"wp-page\" data-elementor-id=\"30\" class=\"elementor elementor-30\">\n\t\t\t\t\t\t<section class=\"elementor-section elementor-top-section elementor-element elementor-element-1658f7e elementor-section-boxed elementor-section-height-default elementor-section-height-default\" data-id=\"1658f7e\" data-element_type=\"section\" data-e-type=\"section\" data-settings=\"{&quot;background_background&quot;:&quot;classic&quot;}\">\n\t\t\t\t\t\t<div class=\"elementor-container elementor-column-gap-default\">\n\t\t\t\t\t<div class=\"elementor-column elementor-col-25 elementor-top-column elementor-element elementor-element-f381d1b\" data-id=\"f381d1b\" data-element_type=\"column\" data-e-type=\"column\" data-settings=\"{&quot;background_background&quot;:&quot;classic&quot;}\">\n\t\t\t<div class=\"elementor-widget-wrap elementor-element-populated\">\n\t\t\t\t\t\t<div class=\"elementor-element elementor-element-3ddd866 elementor-widget elementor-widget-text-editor\" data-id=\"3ddd866\" data-element_type=\"widget\" data-e-type=\"widget\" data-widget_type=\"text-editor.default\">\n\t\t\t\t<div class=\"elementor-widget-container\">\n\t\t\t\t\t\t\t\t\t<p><img decoding=\"async\" class=\"alignnone size-full wp-image-16\" src=\"https:\/\/villaninonbisca.fr\/wp-content\/uploads\/2022\/12\/IconeEtoile.png\" alt=\"\" width=\"31\" height=\"29\" \/><img decoding=\"async\" class=\"alignnone size-full wp-image-81\" src=\"https:\/\/villaninonbisca.fr\/wp-content\/uploads\/2022\/12\/IconeEtoile.png\" alt=\"\" width=\"31\" height=\"29\" \/><img decoding=\"async\" class=\"alignnone size-full wp-image-81\" src=\"https:\/\/villaninonbisca.fr\/wp-content\/uploads\/2022\/12\/IconeEtoile.png\" alt=\"\" width=\"31\" height=\"29\" \/>\u00a0Classement<\/p>\t\t\t\t\t\t\t\t<\/div>\n\t\t\t\t<\/div>\n\t\t\t\t\t<\/div>\n\t\t<\/div>\n\t\t\t\t<div class=\"elementor-column elementor-col-25 elementor-top-column elementor-element elementor-element-b924903\" data-id=\"b924903\" data-element_type=\"column\" data-e-type=\"column\">\n\t\t\t<div class=\"elementor-widget-wrap elementor-element-populated\">\n\t\t\t\t\t\t<div class=\"elementor-element elementor-element-2b454f1 elementor-widget elementor-widget-text-editor\" data-id=\"2b454f1\" data-element_type=\"widget\" data-e-type=\"widget\" data-widget_type=\"text-editor.default\">\n\t\t\t\t<div class=\"elementor-widget-container\">\n\t\t\t\t\t\t\t\t\t<p><img decoding=\"async\" class=\"alignnone size-full wp-image-79\" src=\"https:\/\/villaninonbisca.fr\/wp-content\/uploads\/2022\/12\/IconeVilla.png\" alt=\"\" width=\"36\" height=\"33\" \/> Surface: 89m<sup>2<\/sup><\/p>\t\t\t\t\t\t\t\t<\/div>\n\t\t\t\t<\/div>\n\t\t\t\t\t<\/div>\n\t\t<\/div>\n\t\t\t\t<div class=\"elementor-column elementor-col-25 elementor-top-column elementor-element elementor-element-6a771bb\" data-id=\"6a771bb\" data-element_type=\"column\" data-e-type=\"column\">\n\t\t\t<div class=\"elementor-widget-wrap elementor-element-populated\">\n\t\t\t\t\t\t<div class=\"elementor-element elementor-element-caf99d8 elementor-widget elementor-widget-text-editor\" data-id=\"caf99d8\" data-element_type=\"widget\" data-e-type=\"widget\" data-widget_type=\"text-editor.default\">\n\t\t\t\t<div class=\"elementor-widget-container\">\n\t\t\t\t\t\t\t\t\t<p><img loading=\"lazy\" decoding=\"async\" class=\"alignnone size-full wp-image-17\" src=\"https:\/\/villaninonbisca.fr\/wp-content\/uploads\/2022\/12\/IconePersonnes.png\" alt=\"\" width=\"36\" height=\"31\" \/>\u00a0Personnes: 6<\/p>\t\t\t\t\t\t\t\t<\/div>\n\t\t\t\t<\/div>\n\t\t\t\t\t<\/div>\n\t\t<\/div>\n\t\t\t\t<div class=\"elementor-column elementor-col-25 elementor-top-column elementor-element elementor-element-9ab7556\" data-id=\"9ab7556\" data-element_type=\"column\" data-e-type=\"column\">\n\t\t\t<div class=\"elementor-widget-wrap elementor-element-populated\">\n\t\t\t\t\t\t<div class=\"elementor-element elementor-element-3f21016 elementor-widget elementor-widget-text-editor\" data-id=\"3f21016\" data-element_type=\"widget\" data-e-type=\"widget\" data-widget_type=\"text-editor.default\">\n\t\t\t\t<div class=\"elementor-widget-container\">\n\t\t\t\t\t\t\t\t\t<p><img loading=\"lazy\" decoding=\"async\" class=\"alignnone size-full wp-image-15\" src=\"https:\/\/villaninonbisca.fr\/wp-content\/uploads\/2022\/12\/IconeChambres.png\" alt=\"\" width=\"44\" height=\"31\" \/>\u00a0Chambres: 3<\/p>\t\t\t\t\t\t\t\t<\/div>\n\t\t\t\t<\/div>\n\t\t\t\t\t<\/div>\n\t\t<\/div>\n\t\t\t\t\t<\/div>\n\t\t<\/section>\n\t\t\t\t<section class=\"elementor-section elementor-top-section elementor-element elementor-element-956c2b0 elementor-section-boxed elementor-section-height-default elementor-section-height-default\" data-id=\"956c2b0\" data-element_type=\"section\" data-e-type=\"section\">\n\t\t\t\t\t\t<div class=\"elementor-container elementor-column-gap-default\">\n\t\t\t\t\t<div class=\"elementor-column elementor-col-100 elementor-top-column elementor-element elementor-element-7f2e814\" data-id=\"7f2e814\" data-element_type=\"column\" data-e-type=\"column\">\n\t\t\t<div class=\"elementor-widget-wrap elementor-element-populated\">\n\t\t\t\t\t\t<div class=\"elementor-element elementor-element-d45540c elementor-widget elementor-widget-text-editor\" data-id=\"d45540c\" data-element_type=\"widget\" data-e-type=\"widget\" data-widget_type=\"text-editor.default\">\n\t\t\t\t<div class=\"elementor-widget-container\">\n\t\t\t\t\t\t\t\t\t<h4>Venez vous d\u00e9tendre dans notre villa Ninon \u00e0 Biscarrosse.<\/h4>\t\t\t\t\t\t\t\t<\/div>\n\t\t\t\t<\/div>\n\t\t\t\t\t<\/div>\n\t\t<\/div>\n\t\t\t\t\t<\/div>\n\t\t<\/section>\n\t\t\t\t<section class=\"elementor-section elementor-top-section elementor-element elementor-element-5ba31da elementor-section-boxed elementor-section-height-default elementor-section-height-default\" data-id=\"5ba31da\" data-element_type=\"section\" data-e-type=\"section\">\n\t\t\t\t\t\t<div class=\"elementor-container elementor-column-gap-default\">\n\t\t\t\t\t<div class=\"elementor-column elementor-col-100 elementor-top-column elementor-element elementor-element-bcb5154\" data-id=\"bcb5154\" data-element_type=\"column\" data-e-type=\"column\">\n\t\t\t<div class=\"elementor-widget-wrap elementor-element-populated\">\n\t\t\t\t\t\t<div class=\"elementor-element elementor-element-f2c06ed elementor-widget elementor-widget-text-editor\" data-id=\"f2c06ed\" data-element_type=\"widget\" data-e-type=\"widget\" data-widget_type=\"text-editor.default\">\n\t\t\t\t<div class=\"elementor-widget-container\">\n\t\t\t\t\t\t\t\t\t<p>Situ\u00e9e dans le nord des Landes, vous pourrez profiter des for\u00eats, des lacs et de l&#8217;oc\u00e9an dans un cadre paisible.<\/p>\t\t\t\t\t\t\t\t<\/div>\n\t\t\t\t<\/div>\n\t\t\t\t\t<\/div>\n\t\t<\/div>\n\t\t\t\t\t<\/div>\n\t\t<\/section>\n\t\t\t\t<section class=\"elementor-section elementor-top-section elementor-element elementor-element-7aedcb7 elementor-section-boxed elementor-section-height-default elementor-section-height-default\" data-id=\"7aedcb7\" data-element_type=\"section\" data-e-type=\"section\">\n\t\t\t\t\t\t<div class=\"elementor-container elementor-column-gap-default\">\n\t\t\t\t\t<div class=\"elementor-column elementor-col-100 elementor-top-column elementor-element elementor-element-0aa46af\" data-id=\"0aa46af\" data-element_type=\"column\" data-e-type=\"column\">\n\t\t\t<div class=\"elementor-widget-wrap elementor-element-populated\">\n\t\t\t\t\t\t<div class=\"elementor-element elementor-element-17c90c8 elementor-widget elementor-widget-image\" data-id=\"17c90c8\" data-element_type=\"widget\" data-e-type=\"widget\" data-widget_type=\"image.default\">\n\t\t\t\t<div class=\"elementor-widget-container\">\n\t\t\t\t\t\t\t\t\t\t\t\t\t\t\t<img loading=\"lazy\" decoding=\"async\" width=\"1038\" height=\"576\" src=\"https:\/\/villaninonbisca.fr\/wp-content\/uploads\/2022\/12\/Exterieur-1038x576.jpg\" class=\"attachment-nisarg-full-width size-nisarg-full-width wp-image-14\" alt=\"\" \/>\t\t\t\t\t\t\t\t\t\t\t\t\t\t\t<\/div>\n\t\t\t\t<\/div>\n\t\t\t\t\t<\/div>\n\t\t<\/div>\n\t\t\t\t\t<\/div>\n\t\t<\/section>\n\t\t\t\t<\/div>\n\t\t","protected":false},"excerpt":{"rendered":"<p>\u00a0Classement Surface: 89m2 \u00a0Personnes: 6 \u00a0Chambres: 3 Venez vous d\u00e9tendre dans notre villa Ninon \u00e0 Biscarrosse. Situ\u00e9e dans le nord des Landes, vous pourrez profiter des for\u00eats, des lacs et de l&#8217;oc\u00e9an dans un cadre paisible.<\/p>\n","protected":false},"author":1,"featured_media":0,"parent":0,"menu_order":0,"comment_status":"closed","ping_status":"closed","template":"","meta":{"_glsr_average":0,"_glsr_ranking":0,"_glsr_reviews":0,"footnotes":""},"class_list":["post-30","page","type-page","status-publish","hentry"],"yoast_head":"<!-- This site is optimized with the Yoast SEO plugin v27.5 - https:\/\/yoast.com\/product\/yoast-seo-wordpress\/ -->\n<title>Bienvenue - Villa Ninon Bisca<\/title>\n<meta name=\"description\" content=\"La Villa Ninon Bisca: Bienvenue dans la location id\u00e9ale \u00e0 Biscarrosse dans les Landes entre lacs, oc\u00e9an et for\u00eats de pins\" \/>\n<meta name=\"robots\" content=\"index, follow, max-snippet:-1, max-image-preview:large, max-video-preview:-1\" \/>\n<link rel=\"canonical\" href=\"https:\/\/villaninonbisca.fr\/\" \/>\n<meta property=\"og:locale\" content=\"fr_FR\" \/>\n<meta property=\"og:type\" content=\"article\" \/>\n<meta property=\"og:title\" content=\"Bienvenue - Villa Ninon Bisca\" \/>\n<meta property=\"og:description\" content=\"La Villa Ninon Bisca: Bienvenue dans la location id\u00e9ale \u00e0 Biscarrosse dans les Landes entre lacs, oc\u00e9an et for\u00eats de pins\" \/>\n<meta property=\"og:url\" content=\"https:\/\/villaninonbisca.fr\/\" \/>\n<meta property=\"og:site_name\" content=\"Villa Ninon Bisca\" \/>\n<meta property=\"article:modified_time\" content=\"2024-04-28T18:03:46+00:00\" \/>\n<meta property=\"og:image\" content=\"https:\/\/villaninonbisca.fr\/wp-content\/uploads\/2022\/12\/IconeEtoile.png\" \/>\n<meta name=\"twitter:card\" content=\"summary_large_image\" \/>\n<meta name=\"twitter:label1\" content=\"Dur\u00e9e de lecture estim\u00e9e\" \/>\n\t<meta name=\"twitter:data1\" content=\"2 minutes\" \/>\n<script type=\"application\/ld+json\" class=\"yoast-schema-graph\">{\"@context\":\"https:\\\/\\\/schema.org\",\"@graph\":[{\"@type\":\"WebPage\",\"@id\":\"https:\\\/\\\/villaninonbisca.fr\\\/\",\"url\":\"https:\\\/\\\/villaninonbisca.fr\\\/\",\"name\":\"Bienvenue - Villa Ninon Bisca\",\"isPartOf\":{\"@id\":\"https:\\\/\\\/villaninonbisca.fr\\\/#website\"},\"primaryImageOfPage\":{\"@id\":\"https:\\\/\\\/villaninonbisca.fr\\\/#primaryimage\"},\"image\":{\"@id\":\"https:\\\/\\\/villaninonbisca.fr\\\/#primaryimage\"},\"thumbnailUrl\":\"https:\\\/\\\/villaninonbisca.fr\\\/wp-content\\\/uploads\\\/2022\\\/12\\\/IconeEtoile.png\",\"datePublished\":\"2022-12-27T20:08:59+00:00\",\"dateModified\":\"2024-04-28T18:03:46+00:00\",\"description\":\"La Villa Ninon Bisca: Bienvenue dans la location id\u00e9ale \u00e0 Biscarrosse dans les Landes entre lacs, oc\u00e9an et for\u00eats de pins\",\"breadcrumb\":{\"@id\":\"https:\\\/\\\/villaninonbisca.fr\\\/#breadcrumb\"},\"inLanguage\":\"fr-FR\",\"potentialAction\":[{\"@type\":\"ReadAction\",\"target\":[\"https:\\\/\\\/villaninonbisca.fr\\\/\"]}]},{\"@type\":\"ImageObject\",\"inLanguage\":\"fr-FR\",\"@id\":\"https:\\\/\\\/villaninonbisca.fr\\\/#primaryimage\",\"url\":\"https:\\\/\\\/villaninonbisca.fr\\\/wp-content\\\/uploads\\\/2022\\\/12\\\/IconeEtoile.png\",\"contentUrl\":\"https:\\\/\\\/villaninonbisca.fr\\\/wp-content\\\/uploads\\\/2022\\\/12\\\/IconeEtoile.png\",\"width\":31,\"height\":29},{\"@type\":\"BreadcrumbList\",\"@id\":\"https:\\\/\\\/villaninonbisca.fr\\\/#breadcrumb\",\"itemListElement\":[{\"@type\":\"ListItem\",\"position\":1,\"name\":\"Accueil\",\"item\":\"https:\\\/\\\/villaninonbisca.fr\\\/\"},{\"@type\":\"ListItem\",\"position\":2,\"name\":\"Bienvenue\"}]},{\"@type\":\"WebSite\",\"@id\":\"https:\\\/\\\/villaninonbisca.fr\\\/#website\",\"url\":\"https:\\\/\\\/villaninonbisca.fr\\\/\",\"name\":\"Villa Ninon Bisca\",\"description\":\"Votre location de vacances \u00e0 Biscarrosse\",\"publisher\":{\"@id\":\"https:\\\/\\\/villaninonbisca.fr\\\/#organization\"},\"potentialAction\":[{\"@type\":\"SearchAction\",\"target\":{\"@type\":\"EntryPoint\",\"urlTemplate\":\"https:\\\/\\\/villaninonbisca.fr\\\/?s={search_term_string}\"},\"query-input\":{\"@type\":\"PropertyValueSpecification\",\"valueRequired\":true,\"valueName\":\"search_term_string\"}}],\"inLanguage\":\"fr-FR\"},{\"@type\":\"Organization\",\"@id\":\"https:\\\/\\\/villaninonbisca.fr\\\/#organization\",\"name\":\"Villa Ninon Bisca\",\"url\":\"https:\\\/\\\/villaninonbisca.fr\\\/\",\"logo\":{\"@type\":\"ImageObject\",\"inLanguage\":\"fr-FR\",\"@id\":\"https:\\\/\\\/villaninonbisca.fr\\\/#\\\/schema\\\/logo\\\/image\\\/\",\"url\":\"https:\\\/\\\/villaninonbisca.fr\\\/wp-content\\\/uploads\\\/2022\\\/12\\\/Logo.png\",\"contentUrl\":\"https:\\\/\\\/villaninonbisca.fr\\\/wp-content\\\/uploads\\\/2022\\\/12\\\/Logo.png\",\"width\":400,\"height\":400,\"caption\":\"Villa Ninon Bisca\"},\"image\":{\"@id\":\"https:\\\/\\\/villaninonbisca.fr\\\/#\\\/schema\\\/logo\\\/image\\\/\"}}]}<\/script>\n<!-- \/ Yoast SEO plugin. -->","yoast_head_json":{"title":"Bienvenue - Villa Ninon Bisca","description":"La Villa Ninon Bisca: Bienvenue dans la location id\u00e9ale \u00e0 Biscarrosse dans les Landes entre lacs, oc\u00e9an et for\u00eats de pins","robots":{"index":"index","follow":"follow","max-snippet":"max-snippet:-1","max-image-preview":"max-image-preview:large","max-video-preview":"max-video-preview:-1"},"canonical":"https:\/\/villaninonbisca.fr\/","og_locale":"fr_FR","og_type":"article","og_title":"Bienvenue - Villa Ninon Bisca","og_description":"La Villa Ninon Bisca: Bienvenue dans la location id\u00e9ale \u00e0 Biscarrosse dans les Landes entre lacs, oc\u00e9an et for\u00eats de pins","og_url":"https:\/\/villaninonbisca.fr\/","og_site_name":"Villa Ninon Bisca","article_modified_time":"2024-04-28T18:03:46+00:00","og_image":[{"url":"https:\/\/villaninonbisca.fr\/wp-content\/uploads\/2022\/12\/IconeEtoile.png","type":"","width":"","height":""}],"twitter_card":"summary_large_image","twitter_misc":{"Dur\u00e9e de lecture estim\u00e9e":"2 minutes"},"schema":{"@context":"https:\/\/schema.org","@graph":[{"@type":"WebPage","@id":"https:\/\/villaninonbisca.fr\/","url":"https:\/\/villaninonbisca.fr\/","name":"Bienvenue - Villa Ninon Bisca","isPartOf":{"@id":"https:\/\/villaninonbisca.fr\/#website"},"primaryImageOfPage":{"@id":"https:\/\/villaninonbisca.fr\/#primaryimage"},"image":{"@id":"https:\/\/villaninonbisca.fr\/#primaryimage"},"thumbnailUrl":"https:\/\/villaninonbisca.fr\/wp-content\/uploads\/2022\/12\/IconeEtoile.png","datePublished":"2022-12-27T20:08:59+00:00","dateModified":"2024-04-28T18:03:46+00:00","description":"La Villa Ninon Bisca: Bienvenue dans la location id\u00e9ale \u00e0 Biscarrosse dans les Landes entre lacs, oc\u00e9an et for\u00eats de pins","breadcrumb":{"@id":"https:\/\/villaninonbisca.fr\/#breadcrumb"},"inLanguage":"fr-FR","potentialAction":[{"@type":"ReadAction","target":["https:\/\/villaninonbisca.fr\/"]}]},{"@type":"ImageObject","inLanguage":"fr-FR","@id":"https:\/\/villaninonbisca.fr\/#primaryimage","url":"https:\/\/villaninonbisca.fr\/wp-content\/uploads\/2022\/12\/IconeEtoile.png","contentUrl":"https:\/\/villaninonbisca.fr\/wp-content\/uploads\/2022\/12\/IconeEtoile.png","width":31,"height":29},{"@type":"BreadcrumbList","@id":"https:\/\/villaninonbisca.fr\/#breadcrumb","itemListElement":[{"@type":"ListItem","position":1,"name":"Accueil","item":"https:\/\/villaninonbisca.fr\/"},{"@type":"ListItem","position":2,"name":"Bienvenue"}]},{"@type":"WebSite","@id":"https:\/\/villaninonbisca.fr\/#website","url":"https:\/\/villaninonbisca.fr\/","name":"Villa Ninon Bisca","description":"Votre location de vacances \u00e0 Biscarrosse","publisher":{"@id":"https:\/\/villaninonbisca.fr\/#organization"},"potentialAction":[{"@type":"SearchAction","target":{"@type":"EntryPoint","urlTemplate":"https:\/\/villaninonbisca.fr\/?s={search_term_string}"},"query-input":{"@type":"PropertyValueSpecification","valueRequired":true,"valueName":"search_term_string"}}],"inLanguage":"fr-FR"},{"@type":"Organization","@id":"https:\/\/villaninonbisca.fr\/#organization","name":"Villa Ninon Bisca","url":"https:\/\/villaninonbisca.fr\/","logo":{"@type":"ImageObject","inLanguage":"fr-FR","@id":"https:\/\/villaninonbisca.fr\/#\/schema\/logo\/image\/","url":"https:\/\/villaninonbisca.fr\/wp-content\/uploads\/2022\/12\/Logo.png","contentUrl":"https:\/\/villaninonbisca.fr\/wp-content\/uploads\/2022\/12\/Logo.png","width":400,"height":400,"caption":"Villa Ninon Bisca"},"image":{"@id":"https:\/\/villaninonbisca.fr\/#\/schema\/logo\/image\/"}}]}},"_links":{"self":[{"href":"https:\/\/villaninonbisca.fr\/index.php\/wp-json\/wp\/v2\/pages\/30","targetHints":{"allow":["GET"]}}],"collection":[{"href":"https:\/\/villaninonbisca.fr\/index.php\/wp-json\/wp\/v2\/pages"}],"about":[{"href":"https:\/\/villaninonbisca.fr\/index.php\/wp-json\/wp\/v2\/types\/page"}],"author":[{"embeddable":true,"href":"https:\/\/villaninonbisca.fr\/index.php\/wp-json\/wp\/v2\/users\/1"}],"replies":[{"embeddable":true,"href":"https:\/\/villaninonbisca.fr\/index.php\/wp-json\/wp\/v2\/comments?post=30"}],"version-history":[{"count":55,"href":"https:\/\/villaninonbisca.fr\/index.php\/wp-json\/wp\/v2\/pages\/30\/revisions"}],"predecessor-version":[{"id":413,"href":"https:\/\/villaninonbisca.fr\/index.php\/wp-json\/wp\/v2\/pages\/30\/revisions\/413"}],"wp:attachment":[{"href":"https:\/\/villaninonbisca.fr\/index.php\/wp-json\/wp\/v2\/media?parent=30"}],"curies":[{"name":"wp","href":"https:\/\/api.w.org\/{rel}","templated":true}]}}