{"id":3,"date":"2022-12-27T19:53:22","date_gmt":"2022-12-27T18:53:22","guid":{"rendered":"https:\/\/villaninonbisca.fr\/?page_id=3"},"modified":"2023-02-18T22:12:43","modified_gmt":"2023-02-18T21:12:43","slug":"politique-de-confidentialite","status":"publish","type":"page","link":"https:\/\/villaninonbisca.fr\/index.php\/politique-de-confidentialite\/","title":{"rendered":"Politique de confidentialit\u00e9"},"content":{"rendered":"\n<h2 class=\"wp-block-heading\">Qui sommes-nous&nbsp;?<\/h2>\n\n\n\n<p>L\u2019adresse de notre site est&nbsp;: <a href=\"https:\/\/villaninonbisca.fr\">https:\/\/villaninonbisca.fr<\/a>.<\/p>\n\n\n\n<h2 class=\"wp-block-heading\">Cookies<\/h2>\n\n\n\n<p>En navigant sur notre site, un cookie temporaire sera cr\u00e9\u00e9 pour identifier la langue dans laquelle vous l&#8217;avez consult\u00e9 lors de votre derni\u00e8re visite. La dur\u00e9e de vie de ce cookie est d&#8217;un an.<\/p>\n\n\n\n<h2 class=\"wp-block-heading\">Contenu embarqu\u00e9 depuis d\u2019autres sites<\/h2>\n\n\n\n<p>Certaines pages de ce site peuvent inclure des contenus int\u00e9gr\u00e9s (par exemple des vid\u00e9os, images, articles\u2026). Le contenu int\u00e9gr\u00e9 depuis d\u2019autres sites se comporte de la m\u00eame mani\u00e8re que si le visiteur se rendait sur cet autre site.<\/p>\n\n\n\n<p>Ces sites web pourraient collecter des donn\u00e9es sur vous, utiliser des cookies, embarquer des outils de suivis tiers, suivre vos interactions avec ces contenus embarqu\u00e9s si vous disposez d\u2019un compte connect\u00e9 sur leur site web.<\/p>\n\n\n\n<h2 class=\"wp-block-heading\">Formulaire de contact<\/h2>\n\n\n\n<p>Quand vous envoyez des demandes via le formulaire de contact, les donn\u00e9es inscrites dans le formulaire, ainsi que votre adresse IP et l\u2019agent utilisateur de votre navigateur sont collect\u00e9s pour nous aider \u00e0 la d\u00e9tection des demandes ind\u00e9sirables.<\/p>\n\n\n\n<h2 class=\"wp-block-heading\">Avis<\/h2>\n\n\n\n<p>Quand vous laissez un avis sur notre site, les donn\u00e9es inscrites dans le formulaire d&#8217;avis, ainsi que votre adresse IP et l\u2019agent utilisateur de votre navigateur sont collect\u00e9s pour nous aider \u00e0 la d\u00e9tection des commentaires ind\u00e9sirables.<\/p>\n\n\n\n<p>Les donn\u00e9es publiques renseign\u00e9es dans le formulaire d&#8217;avis seront visibles sur le site apr\u00e8s notre approbation.<\/p>\n\n\n\n<p>Si vous laissez un avis sur ce site, l&#8217;avis et ses m\u00e9tadonn\u00e9es sont conserv\u00e9s ind\u00e9finiment.<\/p>\n\n\n\n<h2 class=\"wp-block-heading\">Les droits que vous avez sur vos donn\u00e9es<\/h2>\n\n\n\n<p>Vous pouvez nous contacter \u00e0 tout moment pour supprimer les donn\u00e9es vous concernant (avis et demandes via formulaire de contact).<\/p>\n","protected":false},"excerpt":{"rendered":"<p>Qui sommes-nous&nbsp;? L\u2019adresse de notre site est&nbsp;: https:\/\/villaninonbisca.fr. Cookies En navigant sur notre site, un cookie temporaire sera cr\u00e9\u00e9 pour identifier la langue dans laquelle vous l&#8217;avez consult\u00e9 lors de votre derni\u00e8re visite. La dur\u00e9e de vie de ce cookie est d&#8217;un an. Contenu embarqu\u00e9 depuis d\u2019autres sites Certaines pages de ce site peuvent inclure des contenus int\u00e9gr\u00e9s (par exemple des vid\u00e9os, images, articles\u2026). Le contenu int\u00e9gr\u00e9 depuis d\u2019autres sites se comporte de la m\u00eame mani\u00e8re que si le visiteur&#8230;<\/p>\n<p class=\"read-more\"><a class=\"btn btn-default\" href=\"https:\/\/villaninonbisca.fr\/index.php\/politique-de-confidentialite\/\">Lire la suite<span class=\"screen-reader-text\"> Lire la suite<\/span><\/a><\/p>\n","protected":false},"author":1,"featured_media":0,"parent":0,"menu_order":0,"comment_status":"closed","ping_status":"closed","template":"","meta":{"_glsr_average":0,"_glsr_ranking":0,"_glsr_reviews":0,"footnotes":""},"class_list":["post-3","page","type-page","status-publish","hentry"],"yoast_head":"<!-- This site is optimized with the Yoast SEO plugin v27.5 - https:\/\/yoast.com\/product\/yoast-seo-wordpress\/ -->\n<title>Politique de confidentialit\u00e9 - Villa Ninon Bisca<\/title>\n<meta name=\"robots\" content=\"index, follow, max-snippet:-1, max-image-preview:large, max-video-preview:-1\" \/>\n<link rel=\"canonical\" href=\"https:\/\/villaninonbisca.fr\/index.php\/politique-de-confidentialite\/\" \/>\n<meta property=\"og:locale\" content=\"fr_FR\" \/>\n<meta property=\"og:type\" content=\"article\" \/>\n<meta property=\"og:title\" content=\"Politique de confidentialit\u00e9 - Villa Ninon Bisca\" \/>\n<meta property=\"og:description\" content=\"Qui sommes-nous&nbsp;? L\u2019adresse de notre site est&nbsp;: https:\/\/villaninonbisca.fr. Cookies En navigant sur notre site, un cookie temporaire sera cr\u00e9\u00e9 pour identifier la langue dans laquelle vous l&#8217;avez consult\u00e9 lors de votre derni\u00e8re visite. La dur\u00e9e de vie de ce cookie est d&#8217;un an. Contenu embarqu\u00e9 depuis d\u2019autres sites Certaines pages de ce site peuvent inclure des contenus int\u00e9gr\u00e9s (par exemple des vid\u00e9os, images, articles\u2026). Le contenu int\u00e9gr\u00e9 depuis d\u2019autres sites se comporte de la m\u00eame mani\u00e8re que si le visiteur...Lire la suite Lire la suite\" \/>\n<meta property=\"og:url\" content=\"https:\/\/villaninonbisca.fr\/index.php\/politique-de-confidentialite\/\" \/>\n<meta property=\"og:site_name\" content=\"Villa Ninon Bisca\" \/>\n<meta property=\"article:modified_time\" content=\"2023-02-18T21:12:43+00:00\" \/>\n<meta name=\"twitter:card\" content=\"summary_large_image\" \/>\n<meta name=\"twitter:label1\" content=\"Dur\u00e9e de lecture estim\u00e9e\" \/>\n\t<meta name=\"twitter:data1\" content=\"2 minutes\" \/>\n<script type=\"application\/ld+json\" class=\"yoast-schema-graph\">{\"@context\":\"https:\\\/\\\/schema.org\",\"@graph\":[{\"@type\":\"WebPage\",\"@id\":\"https:\\\/\\\/villaninonbisca.fr\\\/index.php\\\/politique-de-confidentialite\\\/\",\"url\":\"https:\\\/\\\/villaninonbisca.fr\\\/index.php\\\/politique-de-confidentialite\\\/\",\"name\":\"Politique de confidentialit\u00e9 - Villa Ninon Bisca\",\"isPartOf\":{\"@id\":\"https:\\\/\\\/villaninonbisca.fr\\\/#website\"},\"datePublished\":\"2022-12-27T18:53:22+00:00\",\"dateModified\":\"2023-02-18T21:12:43+00:00\",\"breadcrumb\":{\"@id\":\"https:\\\/\\\/villaninonbisca.fr\\\/index.php\\\/politique-de-confidentialite\\\/#breadcrumb\"},\"inLanguage\":\"fr-FR\",\"potentialAction\":[{\"@type\":\"ReadAction\",\"target\":[\"https:\\\/\\\/villaninonbisca.fr\\\/index.php\\\/politique-de-confidentialite\\\/\"]}]},{\"@type\":\"BreadcrumbList\",\"@id\":\"https:\\\/\\\/villaninonbisca.fr\\\/index.php\\\/politique-de-confidentialite\\\/#breadcrumb\",\"itemListElement\":[{\"@type\":\"ListItem\",\"position\":1,\"name\":\"Accueil\",\"item\":\"https:\\\/\\\/villaninonbisca.fr\\\/\"},{\"@type\":\"ListItem\",\"position\":2,\"name\":\"Politique de confidentialit\u00e9\"}]},{\"@type\":\"WebSite\",\"@id\":\"https:\\\/\\\/villaninonbisca.fr\\\/#website\",\"url\":\"https:\\\/\\\/villaninonbisca.fr\\\/\",\"name\":\"Villa Ninon Bisca\",\"description\":\"Votre location de vacances \u00e0 Biscarrosse\",\"publisher\":{\"@id\":\"https:\\\/\\\/villaninonbisca.fr\\\/#organization\"},\"potentialAction\":[{\"@type\":\"SearchAction\",\"target\":{\"@type\":\"EntryPoint\",\"urlTemplate\":\"https:\\\/\\\/villaninonbisca.fr\\\/?s={search_term_string}\"},\"query-input\":{\"@type\":\"PropertyValueSpecification\",\"valueRequired\":true,\"valueName\":\"search_term_string\"}}],\"inLanguage\":\"fr-FR\"},{\"@type\":\"Organization\",\"@id\":\"https:\\\/\\\/villaninonbisca.fr\\\/#organization\",\"name\":\"Villa Ninon Bisca\",\"url\":\"https:\\\/\\\/villaninonbisca.fr\\\/\",\"logo\":{\"@type\":\"ImageObject\",\"inLanguage\":\"fr-FR\",\"@id\":\"https:\\\/\\\/villaninonbisca.fr\\\/#\\\/schema\\\/logo\\\/image\\\/\",\"url\":\"https:\\\/\\\/villaninonbisca.fr\\\/wp-content\\\/uploads\\\/2022\\\/12\\\/Logo.png\",\"contentUrl\":\"https:\\\/\\\/villaninonbisca.fr\\\/wp-content\\\/uploads\\\/2022\\\/12\\\/Logo.png\",\"width\":400,\"height\":400,\"caption\":\"Villa Ninon Bisca\"},\"image\":{\"@id\":\"https:\\\/\\\/villaninonbisca.fr\\\/#\\\/schema\\\/logo\\\/image\\\/\"}}]}<\/script>\n<!-- \/ Yoast SEO plugin. -->","yoast_head_json":{"title":"Politique de confidentialit\u00e9 - Villa Ninon Bisca","robots":{"index":"index","follow":"follow","max-snippet":"max-snippet:-1","max-image-preview":"max-image-preview:large","max-video-preview":"max-video-preview:-1"},"canonical":"https:\/\/villaninonbisca.fr\/index.php\/politique-de-confidentialite\/","og_locale":"fr_FR","og_type":"article","og_title":"Politique de confidentialit\u00e9 - Villa Ninon Bisca","og_description":"Qui sommes-nous&nbsp;? L\u2019adresse de notre site est&nbsp;: https:\/\/villaninonbisca.fr. Cookies En navigant sur notre site, un cookie temporaire sera cr\u00e9\u00e9 pour identifier la langue dans laquelle vous l&#8217;avez consult\u00e9 lors de votre derni\u00e8re visite. La dur\u00e9e de vie de ce cookie est d&#8217;un an. Contenu embarqu\u00e9 depuis d\u2019autres sites Certaines pages de ce site peuvent inclure des contenus int\u00e9gr\u00e9s (par exemple des vid\u00e9os, images, articles\u2026). Le contenu int\u00e9gr\u00e9 depuis d\u2019autres sites se comporte de la m\u00eame mani\u00e8re que si le visiteur...Lire la suite Lire la suite","og_url":"https:\/\/villaninonbisca.fr\/index.php\/politique-de-confidentialite\/","og_site_name":"Villa Ninon Bisca","article_modified_time":"2023-02-18T21:12:43+00:00","twitter_card":"summary_large_image","twitter_misc":{"Dur\u00e9e de lecture estim\u00e9e":"2 minutes"},"schema":{"@context":"https:\/\/schema.org","@graph":[{"@type":"WebPage","@id":"https:\/\/villaninonbisca.fr\/index.php\/politique-de-confidentialite\/","url":"https:\/\/villaninonbisca.fr\/index.php\/politique-de-confidentialite\/","name":"Politique de confidentialit\u00e9 - Villa Ninon Bisca","isPartOf":{"@id":"https:\/\/villaninonbisca.fr\/#website"},"datePublished":"2022-12-27T18:53:22+00:00","dateModified":"2023-02-18T21:12:43+00:00","breadcrumb":{"@id":"https:\/\/villaninonbisca.fr\/index.php\/politique-de-confidentialite\/#breadcrumb"},"inLanguage":"fr-FR","potentialAction":[{"@type":"ReadAction","target":["https:\/\/villaninonbisca.fr\/index.php\/politique-de-confidentialite\/"]}]},{"@type":"BreadcrumbList","@id":"https:\/\/villaninonbisca.fr\/index.php\/politique-de-confidentialite\/#breadcrumb","itemListElement":[{"@type":"ListItem","position":1,"name":"Accueil","item":"https:\/\/villaninonbisca.fr\/"},{"@type":"ListItem","position":2,"name":"Politique de confidentialit\u00e9"}]},{"@type":"WebSite","@id":"https:\/\/villaninonbisca.fr\/#website","url":"https:\/\/villaninonbisca.fr\/","name":"Villa Ninon Bisca","description":"Votre location de vacances \u00e0 Biscarrosse","publisher":{"@id":"https:\/\/villaninonbisca.fr\/#organization"},"potentialAction":[{"@type":"SearchAction","target":{"@type":"EntryPoint","urlTemplate":"https:\/\/villaninonbisca.fr\/?s={search_term_string}"},"query-input":{"@type":"PropertyValueSpecification","valueRequired":true,"valueName":"search_term_string"}}],"inLanguage":"fr-FR"},{"@type":"Organization","@id":"https:\/\/villaninonbisca.fr\/#organization","name":"Villa Ninon Bisca","url":"https:\/\/villaninonbisca.fr\/","logo":{"@type":"ImageObject","inLanguage":"fr-FR","@id":"https:\/\/villaninonbisca.fr\/#\/schema\/logo\/image\/","url":"https:\/\/villaninonbisca.fr\/wp-content\/uploads\/2022\/12\/Logo.png","contentUrl":"https:\/\/villaninonbisca.fr\/wp-content\/uploads\/2022\/12\/Logo.png","width":400,"height":400,"caption":"Villa Ninon Bisca"},"image":{"@id":"https:\/\/villaninonbisca.fr\/#\/schema\/logo\/image\/"}}]}},"_links":{"self":[{"href":"https:\/\/villaninonbisca.fr\/index.php\/wp-json\/wp\/v2\/pages\/3","targetHints":{"allow":["GET"]}}],"collection":[{"href":"https:\/\/villaninonbisca.fr\/index.php\/wp-json\/wp\/v2\/pages"}],"about":[{"href":"https:\/\/villaninonbisca.fr\/index.php\/wp-json\/wp\/v2\/types\/page"}],"author":[{"embeddable":true,"href":"https:\/\/villaninonbisca.fr\/index.php\/wp-json\/wp\/v2\/users\/1"}],"replies":[{"embeddable":true,"href":"https:\/\/villaninonbisca.fr\/index.php\/wp-json\/wp\/v2\/comments?post=3"}],"version-history":[{"count":4,"href":"https:\/\/villaninonbisca.fr\/index.php\/wp-json\/wp\/v2\/pages\/3\/revisions"}],"predecessor-version":[{"id":386,"href":"https:\/\/villaninonbisca.fr\/index.php\/wp-json\/wp\/v2\/pages\/3\/revisions\/386"}],"wp:attachment":[{"href":"https:\/\/villaninonbisca.fr\/index.php\/wp-json\/wp\/v2\/media?parent=3"}],"curies":[{"name":"wp","href":"https:\/\/api.w.org\/{rel}","templated":true}]}}